{"id":4789,"date":"2022-07-01T11:06:48","date_gmt":"2022-07-01T11:06:48","guid":{"rendered":"https:\/\/www.cautex.com\/producto\/molas-e-tensores\/"},"modified":"2022-07-01T11:06:48","modified_gmt":"2022-07-01T11:06:48","slug":"molas-e-tensores","status":"publish","type":"product","link":"https:\/\/dev.cautex.com\/pt-pt\/producto\/molas-e-tensores\/","title":{"rendered":"MOLAS E TENSORES"},"content":{"rendered":"<p>Gama espec\u00edfica de molas e tensores utilizados em todo o conjunto de distribui\u00e7\u00e3o do autom\u00f3vel. Pe\u00e7as-chave para um funcionamento correto, o que mostra como \u00e9 importante substituir todos os elementos sujeitos a desgaste na hora de efetuar uma manuten\u00e7\u00e3o ideal do ve\u00edculo. <\/p>\n","protected":false},"excerpt":{"rendered":"<p>Gama espec\u00edfica de molas e tensores utilizados em todo o conjunto de distribui\u00e7\u00e3o do autom\u00f3vel. Pe\u00e7as-chave para um funcionamento correto, o que mostra como \u00e9 importante substituir todos os elementos sujeitos a desgaste na hora de efetuar uma manuten\u00e7\u00e3o ideal do ve\u00edculo.<\/p>\n","protected":false},"featured_media":4790,"comment_status":"open","ping_status":"closed","template":"","meta":[],"product_cat":[760,768],"product_tag":[160],"_links":{"self":[{"href":"https:\/\/dev.cautex.com\/pt-pt\/wp-json\/wp\/v2\/product\/4789"}],"collection":[{"href":"https:\/\/dev.cautex.com\/pt-pt\/wp-json\/wp\/v2\/product"}],"about":[{"href":"https:\/\/dev.cautex.com\/pt-pt\/wp-json\/wp\/v2\/types\/product"}],"replies":[{"embeddable":true,"href":"https:\/\/dev.cautex.com\/pt-pt\/wp-json\/wp\/v2\/comments?post=4789"}],"wp:featuredmedia":[{"embeddable":true,"href":"https:\/\/dev.cautex.com\/pt-pt\/wp-json\/wp\/v2\/media\/4790"}],"wp:attachment":[{"href":"https:\/\/dev.cautex.com\/pt-pt\/wp-json\/wp\/v2\/media?parent=4789"}],"wp:term":[{"taxonomy":"product_cat","embeddable":true,"href":"https:\/\/dev.cautex.com\/pt-pt\/wp-json\/wp\/v2\/product_cat?post=4789"},{"taxonomy":"product_tag","embeddable":true,"href":"https:\/\/dev.cautex.com\/pt-pt\/wp-json\/wp\/v2\/product_tag?post=4789"}],"curies":[{"name":"wp","href":"https:\/\/api.w.org\/{rel}","templated":true}]}}