{"id":4787,"date":"2022-07-04T11:03:39","date_gmt":"2022-07-04T11:03:39","guid":{"rendered":"https:\/\/www.cautex.com\/producto\/jogos-de-correntes-de-distribuicao\/"},"modified":"2022-07-04T11:03:39","modified_gmt":"2022-07-04T11:03:39","slug":"jogos-de-correntes-de-distribuicao","status":"publish","type":"product","link":"https:\/\/dev.cautex.com\/pt-pt\/producto\/jogos-de-correntes-de-distribuicao\/","title":{"rendered":"JOGOS DE CORRENTES DE DISTRIBUI\u00c7\u00c3O"},"content":{"rendered":"<p>Os nossos jogos de correntes de distribui\u00e7\u00e3o s\u00e3o compostos por correntes (alguns jogos incluem a corrente para a bomba de \u00f3leo), rodas dentadas (\u00e1rvore de cames e cambota), tensores e calhas-guia. Tudo preparado para facilitar o trabalho do mec\u00e2nico <\/p>\n","protected":false},"excerpt":{"rendered":"<p>Os nossos jogos de correntes de distribui\u00e7\u00e3o s\u00e3o compostos por correntes (alguns jogos incluem a corrente para a bomba de \u00f3leo), rodas dentadas (\u00e1rvore de cames e cambota), tensores e calhas-guia. Tudo preparado para facilitar o trabalho do mec\u00e2nico<\/p>\n","protected":false},"featured_media":4788,"comment_status":"open","ping_status":"closed","template":"","meta":[],"product_cat":[760,767],"product_tag":[164],"_links":{"self":[{"href":"https:\/\/dev.cautex.com\/pt-pt\/wp-json\/wp\/v2\/product\/4787"}],"collection":[{"href":"https:\/\/dev.cautex.com\/pt-pt\/wp-json\/wp\/v2\/product"}],"about":[{"href":"https:\/\/dev.cautex.com\/pt-pt\/wp-json\/wp\/v2\/types\/product"}],"replies":[{"embeddable":true,"href":"https:\/\/dev.cautex.com\/pt-pt\/wp-json\/wp\/v2\/comments?post=4787"}],"wp:featuredmedia":[{"embeddable":true,"href":"https:\/\/dev.cautex.com\/pt-pt\/wp-json\/wp\/v2\/media\/4788"}],"wp:attachment":[{"href":"https:\/\/dev.cautex.com\/pt-pt\/wp-json\/wp\/v2\/media?parent=4787"}],"wp:term":[{"taxonomy":"product_cat","embeddable":true,"href":"https:\/\/dev.cautex.com\/pt-pt\/wp-json\/wp\/v2\/product_cat?post=4787"},{"taxonomy":"product_tag","embeddable":true,"href":"https:\/\/dev.cautex.com\/pt-pt\/wp-json\/wp\/v2\/product_tag?post=4787"}],"curies":[{"name":"wp","href":"https:\/\/api.w.org\/{rel}","templated":true}]}}