{"id":4785,"date":"2022-07-05T07:14:46","date_gmt":"2022-07-05T07:14:46","guid":{"rendered":"https:\/\/www.cautex.com\/producto\/fletores\/"},"modified":"2022-07-05T07:14:46","modified_gmt":"2022-07-05T07:14:46","slug":"fletores","status":"publish","type":"product","link":"https:\/\/dev.cautex.com\/pt-pt\/producto\/fletores\/","title":{"rendered":"FLETORES"},"content":{"rendered":"<p>Um fletor, tamb\u00e9m conhecido como disco flex\u00edvel, junta t\u00eaxtil ou junta Rotoflex, \u00e9 um tipo de junta utilizada para transmitir o torque de um eixo de transmiss\u00e3o para outro dispositivo mec\u00e2nico. Fabricados em borracha sint\u00e9tica flex\u00edvel, s\u00e3o concebidos para permitir algum desalinhamento angular enquanto reduzem a vibra\u00e7\u00e3o. <\/p>\n","protected":false},"excerpt":{"rendered":"<p>Um fletor, tamb\u00e9m conhecido como disco flex\u00edvel, junta t\u00eaxtil ou junta Rotoflex, \u00e9 um tipo de junta utilizada para transmitir o torque de um eixo de transmiss\u00e3o para outro dispositivo mec\u00e2nico. Fabricados em borracha sint\u00e9tica flex\u00edvel, s\u00e3o concebidos para permitir algum desalinhamento angular enquanto reduzem a vibra\u00e7\u00e3o.<\/p>\n","protected":false},"featured_media":4786,"comment_status":"open","ping_status":"closed","template":"","meta":[],"product_cat":[760,766],"product_tag":[166],"_links":{"self":[{"href":"https:\/\/dev.cautex.com\/pt-pt\/wp-json\/wp\/v2\/product\/4785"}],"collection":[{"href":"https:\/\/dev.cautex.com\/pt-pt\/wp-json\/wp\/v2\/product"}],"about":[{"href":"https:\/\/dev.cautex.com\/pt-pt\/wp-json\/wp\/v2\/types\/product"}],"replies":[{"embeddable":true,"href":"https:\/\/dev.cautex.com\/pt-pt\/wp-json\/wp\/v2\/comments?post=4785"}],"wp:featuredmedia":[{"embeddable":true,"href":"https:\/\/dev.cautex.com\/pt-pt\/wp-json\/wp\/v2\/media\/4786"}],"wp:attachment":[{"href":"https:\/\/dev.cautex.com\/pt-pt\/wp-json\/wp\/v2\/media?parent=4785"}],"wp:term":[{"taxonomy":"product_cat","embeddable":true,"href":"https:\/\/dev.cautex.com\/pt-pt\/wp-json\/wp\/v2\/product_cat?post=4785"},{"taxonomy":"product_tag","embeddable":true,"href":"https:\/\/dev.cautex.com\/pt-pt\/wp-json\/wp\/v2\/product_tag?post=4785"}],"curies":[{"name":"wp","href":"https:\/\/api.w.org\/{rel}","templated":true}]}}