{"id":4783,"date":"2022-07-04T11:00:32","date_gmt":"2022-07-04T11:00:32","guid":{"rendered":"https:\/\/www.cautex.com\/producto\/cruzetas-de-tripe\/"},"modified":"2022-07-04T11:00:32","modified_gmt":"2022-07-04T11:00:32","slug":"cruzetas-de-tripe","status":"publish","type":"product","link":"https:\/\/dev.cautex.com\/pt-pt\/producto\/cruzetas-de-tripe\/","title":{"rendered":"CRUZETAS DE TRIP\u00c9"},"content":{"rendered":"<p>A cruzeta de trip\u00e9 do veio de transmiss\u00e3o \u00e9 uma pe\u00e7a complexa que, unida ao eixo de transmiss\u00e3o, tem a finalidade de ligar dois eixos descont\u00ednuos dispostos longitudinalmente, de modo a que a velocidade de rota\u00e7\u00e3o entre eles seja sempre igual.<\/p>\n","protected":false},"excerpt":{"rendered":"<p>A cruzeta de trip\u00e9 do veio de transmiss\u00e3o \u00e9 uma pe\u00e7a complexa que, unida ao eixo de transmiss\u00e3o, tem a finalidade de ligar dois eixos descont\u00ednuos dispostos longitudinalmente, de modo a que a velocidade de rota\u00e7\u00e3o entre eles seja sempre igual.<\/p>\n","protected":false},"featured_media":4784,"comment_status":"open","ping_status":"closed","template":"","meta":[],"product_cat":[760,765],"product_tag":[163],"_links":{"self":[{"href":"https:\/\/dev.cautex.com\/pt-pt\/wp-json\/wp\/v2\/product\/4783"}],"collection":[{"href":"https:\/\/dev.cautex.com\/pt-pt\/wp-json\/wp\/v2\/product"}],"about":[{"href":"https:\/\/dev.cautex.com\/pt-pt\/wp-json\/wp\/v2\/types\/product"}],"replies":[{"embeddable":true,"href":"https:\/\/dev.cautex.com\/pt-pt\/wp-json\/wp\/v2\/comments?post=4783"}],"wp:featuredmedia":[{"embeddable":true,"href":"https:\/\/dev.cautex.com\/pt-pt\/wp-json\/wp\/v2\/media\/4784"}],"wp:attachment":[{"href":"https:\/\/dev.cautex.com\/pt-pt\/wp-json\/wp\/v2\/media?parent=4783"}],"wp:term":[{"taxonomy":"product_cat","embeddable":true,"href":"https:\/\/dev.cautex.com\/pt-pt\/wp-json\/wp\/v2\/product_cat?post=4783"},{"taxonomy":"product_tag","embeddable":true,"href":"https:\/\/dev.cautex.com\/pt-pt\/wp-json\/wp\/v2\/product_tag?post=4783"}],"curies":[{"name":"wp","href":"https:\/\/api.w.org\/{rel}","templated":true}]}}