{"id":4781,"date":"2022-07-05T07:16:20","date_gmt":"2022-07-05T07:16:20","guid":{"rendered":"https:\/\/www.cautex.com\/producto\/casquilhos-e-blocos-silenciosos\/"},"modified":"2022-07-05T07:16:20","modified_gmt":"2022-07-05T07:16:20","slug":"casquilhos-e-blocos-silenciosos","status":"publish","type":"product","link":"https:\/\/dev.cautex.com\/pt-pt\/producto\/casquilhos-e-blocos-silenciosos\/","title":{"rendered":"CASQUILHOS E BLOCOS SILENCIOSOS"},"content":{"rendered":"<p>Ampla sele\u00e7\u00e3o de casquilhos e blocos silenciosos que, gra\u00e7as \u00e0 sua boa combina\u00e7\u00e3o de metal e borracha e \u00e0 sua qualidade, absorvem as poss\u00edveis vibra\u00e7\u00f5es e ru\u00eddos que o motor, sistema de suspens\u00e3o, etc., possam sofrer.<\/p>\n","protected":false},"excerpt":{"rendered":"<p>Ampla sele\u00e7\u00e3o de casquilhos e blocos silenciosos que, gra\u00e7as \u00e0 sua boa combina\u00e7\u00e3o de metal e borracha e \u00e0 sua qualidade, absorvem as poss\u00edveis vibra\u00e7\u00f5es e ru\u00eddos que o motor, sistema de suspens\u00e3o, etc., possam sofrer.<\/p>\n","protected":false},"featured_media":4782,"comment_status":"open","ping_status":"closed","template":"","meta":[],"product_cat":[760,764],"product_tag":[165],"_links":{"self":[{"href":"https:\/\/dev.cautex.com\/pt-pt\/wp-json\/wp\/v2\/product\/4781"}],"collection":[{"href":"https:\/\/dev.cautex.com\/pt-pt\/wp-json\/wp\/v2\/product"}],"about":[{"href":"https:\/\/dev.cautex.com\/pt-pt\/wp-json\/wp\/v2\/types\/product"}],"replies":[{"embeddable":true,"href":"https:\/\/dev.cautex.com\/pt-pt\/wp-json\/wp\/v2\/comments?post=4781"}],"wp:featuredmedia":[{"embeddable":true,"href":"https:\/\/dev.cautex.com\/pt-pt\/wp-json\/wp\/v2\/media\/4782"}],"wp:attachment":[{"href":"https:\/\/dev.cautex.com\/pt-pt\/wp-json\/wp\/v2\/media?parent=4781"}],"wp:term":[{"taxonomy":"product_cat","embeddable":true,"href":"https:\/\/dev.cautex.com\/pt-pt\/wp-json\/wp\/v2\/product_cat?post=4781"},{"taxonomy":"product_tag","embeddable":true,"href":"https:\/\/dev.cautex.com\/pt-pt\/wp-json\/wp\/v2\/product_tag?post=4781"}],"curies":[{"name":"wp","href":"https:\/\/api.w.org\/{rel}","templated":true}]}}