{"id":4779,"date":"2022-07-04T08:17:56","date_gmt":"2022-07-04T08:17:56","guid":{"rendered":"https:\/\/www.cautex.com\/producto\/buchas-e-porcas\/"},"modified":"2022-07-04T08:17:56","modified_gmt":"2022-07-04T08:17:56","slug":"buchas-e-porcas","status":"publish","type":"product","link":"https:\/\/dev.cautex.com\/pt-pt\/producto\/buchas-e-porcas\/","title":{"rendered":"BUCHAS E PORCAS"},"content":{"rendered":"<p>Gama de buchas que suportam a roda e permitem-na girar sobre o seu pr\u00f3prio eixo. Gra\u00e7as \u00e0 grande flexibilidade dos seus materiais, reduzem o desgaste, o ru\u00eddo e as vibra\u00e7\u00f5es que esta atividade gera. As nossas buchas respeitam as toler\u00e2ncias dimensionais mais restritivas.  <\/p>\n","protected":false},"excerpt":{"rendered":"<p>Gama de buchas que suportam a roda e permitem-na girar sobre o seu pr\u00f3prio eixo. Gra\u00e7as \u00e0 grande flexibilidade dos seus materiais, reduzem o desgaste, o ru\u00eddo e as vibra\u00e7\u00f5es que esta atividade gera. As nossas buchas respeitam as toler\u00e2ncias dimensionais mais restritivas.<\/p>\n","protected":false},"featured_media":4780,"comment_status":"open","ping_status":"closed","template":"","meta":[],"product_cat":[760,763],"product_tag":[161],"_links":{"self":[{"href":"https:\/\/dev.cautex.com\/pt-pt\/wp-json\/wp\/v2\/product\/4779"}],"collection":[{"href":"https:\/\/dev.cautex.com\/pt-pt\/wp-json\/wp\/v2\/product"}],"about":[{"href":"https:\/\/dev.cautex.com\/pt-pt\/wp-json\/wp\/v2\/types\/product"}],"replies":[{"embeddable":true,"href":"https:\/\/dev.cautex.com\/pt-pt\/wp-json\/wp\/v2\/comments?post=4779"}],"wp:featuredmedia":[{"embeddable":true,"href":"https:\/\/dev.cautex.com\/pt-pt\/wp-json\/wp\/v2\/media\/4780"}],"wp:attachment":[{"href":"https:\/\/dev.cautex.com\/pt-pt\/wp-json\/wp\/v2\/media?parent=4779"}],"wp:term":[{"taxonomy":"product_cat","embeddable":true,"href":"https:\/\/dev.cautex.com\/pt-pt\/wp-json\/wp\/v2\/product_cat?post=4779"},{"taxonomy":"product_tag","embeddable":true,"href":"https:\/\/dev.cautex.com\/pt-pt\/wp-json\/wp\/v2\/product_tag?post=4779"}],"curies":[{"name":"wp","href":"https:\/\/api.w.org\/{rel}","templated":true}]}}