{"id":4777,"date":"2022-07-04T08:35:45","date_gmt":"2022-07-04T08:35:45","guid":{"rendered":"https:\/\/www.cautex.com\/producto\/tirantes-de-suspensao\/"},"modified":"2022-07-04T08:35:45","modified_gmt":"2022-07-04T08:35:45","slug":"tirantes-de-suspensao","status":"publish","type":"product","link":"https:\/\/dev.cautex.com\/pt-pt\/producto\/tirantes-de-suspensao\/","title":{"rendered":"TIRANTES DE SUSPENS\u00c3O"},"content":{"rendered":"<p>Vasta oferta de tirantes de suspens\u00e3o e barras estabilizadoras de alta qualidade, capazes de ter a elasticidade necess\u00e1ria para manter a estabilidade do autom\u00f3vel. Conce\u00e7\u00e3o melhorada que garante um acoplamento mais seguro da barra estabilizadora para todo o conjunto da suspens\u00e3o. <\/p>\n","protected":false},"excerpt":{"rendered":"<p>Vasta oferta de tirantes de suspens\u00e3o e barras estabilizadoras de alta qualidade, capazes de ter a elasticidade necess\u00e1ria para manter a estabilidade do autom\u00f3vel. Conce\u00e7\u00e3o melhorada que garante um acoplamento mais seguro da barra estabilizadora para todo o conjunto da suspens\u00e3o.<\/p>\n","protected":false},"featured_media":4778,"comment_status":"open","ping_status":"closed","template":"","meta":[],"product_cat":[760,762],"product_tag":[162],"_links":{"self":[{"href":"https:\/\/dev.cautex.com\/pt-pt\/wp-json\/wp\/v2\/product\/4777"}],"collection":[{"href":"https:\/\/dev.cautex.com\/pt-pt\/wp-json\/wp\/v2\/product"}],"about":[{"href":"https:\/\/dev.cautex.com\/pt-pt\/wp-json\/wp\/v2\/types\/product"}],"replies":[{"embeddable":true,"href":"https:\/\/dev.cautex.com\/pt-pt\/wp-json\/wp\/v2\/comments?post=4777"}],"wp:featuredmedia":[{"embeddable":true,"href":"https:\/\/dev.cautex.com\/pt-pt\/wp-json\/wp\/v2\/media\/4778"}],"wp:attachment":[{"href":"https:\/\/dev.cautex.com\/pt-pt\/wp-json\/wp\/v2\/media?parent=4777"}],"wp:term":[{"taxonomy":"product_cat","embeddable":true,"href":"https:\/\/dev.cautex.com\/pt-pt\/wp-json\/wp\/v2\/product_cat?post=4777"},{"taxonomy":"product_tag","embeddable":true,"href":"https:\/\/dev.cautex.com\/pt-pt\/wp-json\/wp\/v2\/product_tag?post=4777"}],"curies":[{"name":"wp","href":"https:\/\/api.w.org\/{rel}","templated":true}]}}