{"id":4775,"date":"2022-07-05T07:18:05","date_gmt":"2022-07-05T07:18:05","guid":{"rendered":"https:\/\/www.cautex.com\/producto\/tirantes-de-mudancas\/"},"modified":"2022-07-05T07:18:05","modified_gmt":"2022-07-05T07:18:05","slug":"tirantes-de-mudancas","status":"publish","type":"product","link":"https:\/\/dev.cautex.com\/pt-pt\/producto\/tirantes-de-mudancas\/","title":{"rendered":"TIRANTES DE MUDAN\u00c7AS"},"content":{"rendered":"<p>Tirantes seletores de velocidades, indispens\u00e1veis para o correto funcionamento da caixa de velocidades. A Cautex oferece a conce\u00e7\u00e3o e as caracter\u00edsticas t\u00e9cnicas especificadas pela marca para todos os seus diferentes modelos de Autom\u00f3veis. <\/p>\n","protected":false},"excerpt":{"rendered":"<p>Tirantes seletores de velocidades, indispens\u00e1veis para o correto funcionamento da caixa de velocidades. A Cautex oferece a conce\u00e7\u00e3o e as caracter\u00edsticas t\u00e9cnicas especificadas pela marca para todos os seus diferentes modelos de Autom\u00f3veis.<\/p>\n","protected":false},"featured_media":4776,"comment_status":"open","ping_status":"closed","template":"","meta":[],"product_cat":[760,761],"product_tag":[167],"_links":{"self":[{"href":"https:\/\/dev.cautex.com\/pt-pt\/wp-json\/wp\/v2\/product\/4775"}],"collection":[{"href":"https:\/\/dev.cautex.com\/pt-pt\/wp-json\/wp\/v2\/product"}],"about":[{"href":"https:\/\/dev.cautex.com\/pt-pt\/wp-json\/wp\/v2\/types\/product"}],"replies":[{"embeddable":true,"href":"https:\/\/dev.cautex.com\/pt-pt\/wp-json\/wp\/v2\/comments?post=4775"}],"wp:featuredmedia":[{"embeddable":true,"href":"https:\/\/dev.cautex.com\/pt-pt\/wp-json\/wp\/v2\/media\/4776"}],"wp:attachment":[{"href":"https:\/\/dev.cautex.com\/pt-pt\/wp-json\/wp\/v2\/media?parent=4775"}],"wp:term":[{"taxonomy":"product_cat","embeddable":true,"href":"https:\/\/dev.cautex.com\/pt-pt\/wp-json\/wp\/v2\/product_cat?post=4775"},{"taxonomy":"product_tag","embeddable":true,"href":"https:\/\/dev.cautex.com\/pt-pt\/wp-json\/wp\/v2\/product_tag?post=4775"}],"curies":[{"name":"wp","href":"https:\/\/api.w.org\/{rel}","templated":true}]}}