{"id":4771,"date":"2022-07-06T08:04:20","date_gmt":"2022-07-06T08:04:20","guid":{"rendered":"https:\/\/www.cautex.com\/producto\/cabo-de-transmissao-conta-quilometros\/"},"modified":"2022-07-06T08:04:20","modified_gmt":"2022-07-06T08:04:20","slug":"cabo-de-transmissao-conta-quilometros","status":"publish","type":"product","link":"https:\/\/dev.cautex.com\/pt-pt\/producto\/cabo-de-transmissao-conta-quilometros\/","title":{"rendered":"CABO DE TRANSMISS\u00c3O CONTA-QUIL\u00d3METROS"},"content":{"rendered":"<p>O cabo de transmiss\u00e3o conta-quil\u00f3metros controla as rota\u00e7\u00f5es da caixa de velocidades, o que permite calcular a velocidade do ve\u00edculo. Embora sejam pe\u00e7as tecnicamente muito simples, requerem precis\u00e3o e habilidade de fabrico, bem como uma boa lubrifica\u00e7\u00e3o. <\/p>\n","protected":false},"excerpt":{"rendered":"<p>O cabo de transmiss\u00e3o conta-quil\u00f3metros controla as rota\u00e7\u00f5es da caixa de velocidades, o que permite calcular a velocidade do ve\u00edculo. Embora sejam pe\u00e7as tecnicamente muito simples, requerem precis\u00e3o e habilidade de fabrico, bem como uma boa lubrifica\u00e7\u00e3o.<\/p>\n","protected":false},"featured_media":4772,"comment_status":"open","ping_status":"closed","template":"","meta":[],"product_cat":[758,750],"product_tag":[194],"_links":{"self":[{"href":"https:\/\/dev.cautex.com\/pt-pt\/wp-json\/wp\/v2\/product\/4771"}],"collection":[{"href":"https:\/\/dev.cautex.com\/pt-pt\/wp-json\/wp\/v2\/product"}],"about":[{"href":"https:\/\/dev.cautex.com\/pt-pt\/wp-json\/wp\/v2\/types\/product"}],"replies":[{"embeddable":true,"href":"https:\/\/dev.cautex.com\/pt-pt\/wp-json\/wp\/v2\/comments?post=4771"}],"wp:featuredmedia":[{"embeddable":true,"href":"https:\/\/dev.cautex.com\/pt-pt\/wp-json\/wp\/v2\/media\/4772"}],"wp:attachment":[{"href":"https:\/\/dev.cautex.com\/pt-pt\/wp-json\/wp\/v2\/media?parent=4771"}],"wp:term":[{"taxonomy":"product_cat","embeddable":true,"href":"https:\/\/dev.cautex.com\/pt-pt\/wp-json\/wp\/v2\/product_cat?post=4771"},{"taxonomy":"product_tag","embeddable":true,"href":"https:\/\/dev.cautex.com\/pt-pt\/wp-json\/wp\/v2\/product_tag?post=4771"}],"curies":[{"name":"wp","href":"https:\/\/api.w.org\/{rel}","templated":true}]}}