{"id":4769,"date":"2022-07-06T08:01:38","date_gmt":"2022-07-06T08:01:38","guid":{"rendered":"https:\/\/www.cautex.com\/producto\/cabo-de-arranque\/"},"modified":"2022-07-06T08:01:38","modified_gmt":"2022-07-06T08:01:38","slug":"cabo-de-arranque","status":"publish","type":"product","link":"https:\/\/dev.cautex.com\/pt-pt\/producto\/cabo-de-arranque\/","title":{"rendered":"CABO DE ARRANQUE"},"content":{"rendered":"<p>Concebido para ve\u00edculos das d\u00e9cadas de 70 e 80. T\u00eam um tirador que quando acionado pelo condutor, atua diretamente no motor de arranque, aumentando a riqueza da mistura ar\/combust\u00edvel para que o motor arranque corretamente. <\/p>\n","protected":false},"excerpt":{"rendered":"<p>Concebido para ve\u00edculos das d\u00e9cadas de 70 e 80. T\u00eam um tirador que quando acionado pelo condutor, atua diretamente no motor de arranque, aumentando a riqueza da mistura ar\/combust\u00edvel para que o motor arranque corretamente.<\/p>\n","protected":false},"featured_media":4770,"comment_status":"open","ping_status":"closed","template":"","meta":[],"product_cat":[757,750],"product_tag":[192],"_links":{"self":[{"href":"https:\/\/dev.cautex.com\/pt-pt\/wp-json\/wp\/v2\/product\/4769"}],"collection":[{"href":"https:\/\/dev.cautex.com\/pt-pt\/wp-json\/wp\/v2\/product"}],"about":[{"href":"https:\/\/dev.cautex.com\/pt-pt\/wp-json\/wp\/v2\/types\/product"}],"replies":[{"embeddable":true,"href":"https:\/\/dev.cautex.com\/pt-pt\/wp-json\/wp\/v2\/comments?post=4769"}],"wp:featuredmedia":[{"embeddable":true,"href":"https:\/\/dev.cautex.com\/pt-pt\/wp-json\/wp\/v2\/media\/4770"}],"wp:attachment":[{"href":"https:\/\/dev.cautex.com\/pt-pt\/wp-json\/wp\/v2\/media?parent=4769"}],"wp:term":[{"taxonomy":"product_cat","embeddable":true,"href":"https:\/\/dev.cautex.com\/pt-pt\/wp-json\/wp\/v2\/product_cat?post=4769"},{"taxonomy":"product_tag","embeddable":true,"href":"https:\/\/dev.cautex.com\/pt-pt\/wp-json\/wp\/v2\/product_tag?post=4769"}],"curies":[{"name":"wp","href":"https:\/\/api.w.org\/{rel}","templated":true}]}}