{"id":4767,"date":"2022-07-06T08:00:32","date_gmt":"2022-07-06T08:00:32","guid":{"rendered":"https:\/\/www.cautex.com\/producto\/cabo-do-travao\/"},"modified":"2022-07-06T08:00:32","modified_gmt":"2022-07-06T08:00:32","slug":"cabo-do-travao","status":"publish","type":"product","link":"https:\/\/dev.cautex.com\/pt-pt\/producto\/cabo-do-travao\/","title":{"rendered":"CABO DO TRAV\u00c3O"},"content":{"rendered":"<p>O cabo do trav\u00e3o, ao acionar a alavanca do trav\u00e3o de m\u00e3o, permite que os trav\u00f5es desempenhem a sua fun\u00e7\u00e3o, ou seja, impedir que as rodas se movam quando o ve\u00edculo est\u00e1 estacionado.<\/p>\n","protected":false},"excerpt":{"rendered":"<p>O cabo do trav\u00e3o, ao acionar a alavanca do trav\u00e3o de m\u00e3o, permite que os trav\u00f5es desempenhem a sua fun\u00e7\u00e3o, ou seja, impedir que as rodas se movam quando o ve\u00edculo est\u00e1 estacionado.<\/p>\n","protected":false},"featured_media":4768,"comment_status":"open","ping_status":"closed","template":"","meta":[],"product_cat":[756,750],"product_tag":[191],"_links":{"self":[{"href":"https:\/\/dev.cautex.com\/pt-pt\/wp-json\/wp\/v2\/product\/4767"}],"collection":[{"href":"https:\/\/dev.cautex.com\/pt-pt\/wp-json\/wp\/v2\/product"}],"about":[{"href":"https:\/\/dev.cautex.com\/pt-pt\/wp-json\/wp\/v2\/types\/product"}],"replies":[{"embeddable":true,"href":"https:\/\/dev.cautex.com\/pt-pt\/wp-json\/wp\/v2\/comments?post=4767"}],"wp:featuredmedia":[{"embeddable":true,"href":"https:\/\/dev.cautex.com\/pt-pt\/wp-json\/wp\/v2\/media\/4768"}],"wp:attachment":[{"href":"https:\/\/dev.cautex.com\/pt-pt\/wp-json\/wp\/v2\/media?parent=4767"}],"wp:term":[{"taxonomy":"product_cat","embeddable":true,"href":"https:\/\/dev.cautex.com\/pt-pt\/wp-json\/wp\/v2\/product_cat?post=4767"},{"taxonomy":"product_tag","embeddable":true,"href":"https:\/\/dev.cautex.com\/pt-pt\/wp-json\/wp\/v2\/product_tag?post=4767"}],"curies":[{"name":"wp","href":"https:\/\/api.w.org\/{rel}","templated":true}]}}