{"id":4765,"date":"2022-07-06T08:07:29","date_gmt":"2022-07-06T08:07:29","guid":{"rendered":"https:\/\/www.cautex.com\/producto\/cabo-de-embraiagem-auto-regulavel\/"},"modified":"2022-07-06T08:07:29","modified_gmt":"2022-07-06T08:07:29","slug":"cabo-de-embraiagem-auto-regulavel","status":"publish","type":"product","link":"https:\/\/dev.cautex.com\/pt-pt\/producto\/cabo-de-embraiagem-auto-regulavel\/","title":{"rendered":"CABO DE EMBRAIAGEM AUTO-REGUL\u00c1VEL"},"content":{"rendered":"<p>Ao acionar o pedal da embraiagem, permite o desengate da embraiagem do volante do motor a fim de mudar de marcha ou de velocidade. No caso de cabos de embraiagem autorregul\u00e1veis, os cabos s\u00e3o equipados com um dispositivo que permite a sua regula\u00e7\u00e3o autom\u00e1tica em todos os acionamentos do pedal da embraiagem. En el caso de los cables de embrague autorregulables, los cables incorporan un dispositivo que permite su reglaje autom\u00e1ticamente en cada accionamiento del pedal de embrague. <\/p>\n","protected":false},"excerpt":{"rendered":"<p>Ao acionar o pedal da embraiagem, permite o desengate da embraiagem do volante do motor a fim de mudar de marcha ou de velocidade. No caso de cabos de embraiagem autorregul\u00e1veis, os cabos s\u00e3o equipados com um dispositivo que permite a sua regula\u00e7\u00e3o autom\u00e1tica em todos os acionamentos do pedal da embraiagem. En el caso [&hellip;]<\/p>\n","protected":false},"featured_media":4766,"comment_status":"open","ping_status":"closed","template":"","meta":[],"product_cat":[755,750],"product_tag":[196],"_links":{"self":[{"href":"https:\/\/dev.cautex.com\/pt-pt\/wp-json\/wp\/v2\/product\/4765"}],"collection":[{"href":"https:\/\/dev.cautex.com\/pt-pt\/wp-json\/wp\/v2\/product"}],"about":[{"href":"https:\/\/dev.cautex.com\/pt-pt\/wp-json\/wp\/v2\/types\/product"}],"replies":[{"embeddable":true,"href":"https:\/\/dev.cautex.com\/pt-pt\/wp-json\/wp\/v2\/comments?post=4765"}],"wp:featuredmedia":[{"embeddable":true,"href":"https:\/\/dev.cautex.com\/pt-pt\/wp-json\/wp\/v2\/media\/4766"}],"wp:attachment":[{"href":"https:\/\/dev.cautex.com\/pt-pt\/wp-json\/wp\/v2\/media?parent=4765"}],"wp:term":[{"taxonomy":"product_cat","embeddable":true,"href":"https:\/\/dev.cautex.com\/pt-pt\/wp-json\/wp\/v2\/product_cat?post=4765"},{"taxonomy":"product_tag","embeddable":true,"href":"https:\/\/dev.cautex.com\/pt-pt\/wp-json\/wp\/v2\/product_tag?post=4765"}],"curies":[{"name":"wp","href":"https:\/\/api.w.org\/{rel}","templated":true}]}}