{"id":4763,"date":"2022-07-06T08:02:57","date_gmt":"2022-07-06T08:02:57","guid":{"rendered":"https:\/\/www.cautex.com\/producto\/cabo-de-embraiagem-de-ajuste-manual\/"},"modified":"2022-07-06T08:02:57","modified_gmt":"2022-07-06T08:02:57","slug":"cabo-de-embraiagem-de-ajuste-manual","status":"publish","type":"product","link":"https:\/\/dev.cautex.com\/pt-pt\/producto\/cabo-de-embraiagem-de-ajuste-manual\/","title":{"rendered":"CABO DE EMBRAIAGEM DE AJUSTE MANUAL"},"content":{"rendered":"<p>Ao acionar o pedal da embraiagem, permite o desengate da embraiagem do volante do motor a fim de mudar de marcha ou de velocidade. No caso dos cabos de embraiagem com ajuste manual, a regula\u00e7\u00e3o destes \u00e9 realizada manualmente, ajustando as diferentes partes do mesmo. <\/p>\n","protected":false},"excerpt":{"rendered":"<p>Ao acionar o pedal da embraiagem, permite o desengate da embraiagem do volante do motor a fim de mudar de marcha ou de velocidade. No caso dos cabos de embraiagem com ajuste manual, a regula\u00e7\u00e3o destes \u00e9 realizada manualmente, ajustando as diferentes partes do mesmo.<\/p>\n","protected":false},"featured_media":4764,"comment_status":"open","ping_status":"closed","template":"","meta":[],"product_cat":[754,750],"product_tag":[193],"_links":{"self":[{"href":"https:\/\/dev.cautex.com\/pt-pt\/wp-json\/wp\/v2\/product\/4763"}],"collection":[{"href":"https:\/\/dev.cautex.com\/pt-pt\/wp-json\/wp\/v2\/product"}],"about":[{"href":"https:\/\/dev.cautex.com\/pt-pt\/wp-json\/wp\/v2\/types\/product"}],"replies":[{"embeddable":true,"href":"https:\/\/dev.cautex.com\/pt-pt\/wp-json\/wp\/v2\/comments?post=4763"}],"wp:featuredmedia":[{"embeddable":true,"href":"https:\/\/dev.cautex.com\/pt-pt\/wp-json\/wp\/v2\/media\/4764"}],"wp:attachment":[{"href":"https:\/\/dev.cautex.com\/pt-pt\/wp-json\/wp\/v2\/media?parent=4763"}],"wp:term":[{"taxonomy":"product_cat","embeddable":true,"href":"https:\/\/dev.cautex.com\/pt-pt\/wp-json\/wp\/v2\/product_cat?post=4763"},{"taxonomy":"product_tag","embeddable":true,"href":"https:\/\/dev.cautex.com\/pt-pt\/wp-json\/wp\/v2\/product_tag?post=4763"}],"curies":[{"name":"wp","href":"https:\/\/api.w.org\/{rel}","templated":true}]}}