{"id":4761,"date":"2022-07-06T07:58:14","date_gmt":"2022-07-06T07:58:14","guid":{"rendered":"https:\/\/www.cautex.com\/producto\/cabo-do-capo\/"},"modified":"2022-07-06T07:58:14","modified_gmt":"2022-07-06T07:58:14","slug":"cabo-do-capo","status":"publish","type":"product","link":"https:\/\/dev.cautex.com\/pt-pt\/producto\/cabo-do-capo\/","title":{"rendered":"CABO DO CAP\u00d4"},"content":{"rendered":"<p>O cabo do cap\u00f4 permite a abertura do cap\u00f4 do ve\u00edculo quando acionado pelo condutor. O cabo tem um forro de prote\u00e7\u00e3o exterior para prevenir a corros\u00e3o em locais expostos aos elementos clim\u00e1ticos <\/p>\n","protected":false},"excerpt":{"rendered":"<p>O cabo do cap\u00f4 permite a abertura do cap\u00f4 do ve\u00edculo quando acionado pelo condutor. O cabo tem um forro de prote\u00e7\u00e3o exterior para prevenir a corros\u00e3o em locais expostos aos elementos clim\u00e1ticos<\/p>\n","protected":false},"featured_media":4762,"comment_status":"open","ping_status":"closed","template":"","meta":[],"product_cat":[753,750],"product_tag":[190],"_links":{"self":[{"href":"https:\/\/dev.cautex.com\/pt-pt\/wp-json\/wp\/v2\/product\/4761"}],"collection":[{"href":"https:\/\/dev.cautex.com\/pt-pt\/wp-json\/wp\/v2\/product"}],"about":[{"href":"https:\/\/dev.cautex.com\/pt-pt\/wp-json\/wp\/v2\/types\/product"}],"replies":[{"embeddable":true,"href":"https:\/\/dev.cautex.com\/pt-pt\/wp-json\/wp\/v2\/comments?post=4761"}],"wp:featuredmedia":[{"embeddable":true,"href":"https:\/\/dev.cautex.com\/pt-pt\/wp-json\/wp\/v2\/media\/4762"}],"wp:attachment":[{"href":"https:\/\/dev.cautex.com\/pt-pt\/wp-json\/wp\/v2\/media?parent=4761"}],"wp:term":[{"taxonomy":"product_cat","embeddable":true,"href":"https:\/\/dev.cautex.com\/pt-pt\/wp-json\/wp\/v2\/product_cat?post=4761"},{"taxonomy":"product_tag","embeddable":true,"href":"https:\/\/dev.cautex.com\/pt-pt\/wp-json\/wp\/v2\/product_tag?post=4761"}],"curies":[{"name":"wp","href":"https:\/\/api.w.org\/{rel}","templated":true}]}}