{"id":4757,"date":"2022-07-06T08:08:40","date_gmt":"2022-07-06T08:08:40","guid":{"rendered":"https:\/\/www.cautex.com\/producto\/cabo-do-acelerador\/"},"modified":"2022-07-06T08:08:40","modified_gmt":"2022-07-06T08:08:40","slug":"cabo-do-acelerador","status":"publish","type":"product","link":"https:\/\/dev.cautex.com\/pt-pt\/producto\/cabo-do-acelerador\/","title":{"rendered":"CABO DO ACELERADOR"},"content":{"rendered":"<p>Ao acionar o pedal do acelerador, controla a abertura das v\u00e1lvulas do carburador ou da bomba de inje\u00e7\u00e3o, o que permite que o motor acelere. Todos os ve\u00edculos requerem um cabo de acelerador espec\u00edfico, embora tamb\u00e9m estejam dispon\u00edveis conjuntos de cabos do acelerador, que incorporam v\u00e1rios componentes n\u00e3o montados que permitem a adapta\u00e7\u00e3o a v\u00e1rios ve\u00edculos. <\/p>\n","protected":false},"excerpt":{"rendered":"<p>Ao acionar o pedal do acelerador, controla a abertura das v\u00e1lvulas do carburador ou da bomba de inje\u00e7\u00e3o, o que permite que o motor acelere. Todos os ve\u00edculos requerem um cabo de acelerador espec\u00edfico, embora tamb\u00e9m estejam dispon\u00edveis conjuntos de cabos do acelerador, que incorporam v\u00e1rios componentes n\u00e3o montados que permitem a adapta\u00e7\u00e3o a v\u00e1rios [&hellip;]<\/p>\n","protected":false},"featured_media":4758,"comment_status":"open","ping_status":"closed","template":"","meta":[],"product_cat":[751,750],"product_tag":[197],"_links":{"self":[{"href":"https:\/\/dev.cautex.com\/pt-pt\/wp-json\/wp\/v2\/product\/4757"}],"collection":[{"href":"https:\/\/dev.cautex.com\/pt-pt\/wp-json\/wp\/v2\/product"}],"about":[{"href":"https:\/\/dev.cautex.com\/pt-pt\/wp-json\/wp\/v2\/types\/product"}],"replies":[{"embeddable":true,"href":"https:\/\/dev.cautex.com\/pt-pt\/wp-json\/wp\/v2\/comments?post=4757"}],"wp:featuredmedia":[{"embeddable":true,"href":"https:\/\/dev.cautex.com\/pt-pt\/wp-json\/wp\/v2\/media\/4758"}],"wp:attachment":[{"href":"https:\/\/dev.cautex.com\/pt-pt\/wp-json\/wp\/v2\/media?parent=4757"}],"wp:term":[{"taxonomy":"product_cat","embeddable":true,"href":"https:\/\/dev.cautex.com\/pt-pt\/wp-json\/wp\/v2\/product_cat?post=4757"},{"taxonomy":"product_tag","embeddable":true,"href":"https:\/\/dev.cautex.com\/pt-pt\/wp-json\/wp\/v2\/product_tag?post=4757"}],"curies":[{"name":"wp","href":"https:\/\/api.w.org\/{rel}","templated":true}]}}