{"id":4755,"date":"2022-07-01T10:16:13","date_gmt":"2022-07-01T10:16:13","guid":{"rendered":"https:\/\/www.cautex.com\/producto\/tapetes-e-palas\/"},"modified":"2022-07-01T10:16:13","modified_gmt":"2022-07-01T10:16:13","slug":"tapetes-e-palas","status":"publish","type":"product","link":"https:\/\/dev.cautex.com\/pt-pt\/producto\/tapetes-e-palas\/","title":{"rendered":"TAPETES E PALAS"},"content":{"rendered":"<p>As nossas palas de roda e aletas de guarda-lamas cumprem as normas do sistema antiproje\u00e7\u00e3o (de acordo com a I.T.V.) e encontram-se homologadas de acordo com os regulamentos da C.E.E. Dispomos de v\u00e1rios modelos de tapetes universais para autom\u00f3veis fabricados em borracha de elevada qualidade, com grande resist\u00eancia e durabilidade.<\/p>\n","protected":false},"excerpt":{"rendered":"<p>As nossas palas de roda e aletas de guarda-lamas cumprem as normas do sistema antiproje\u00e7\u00e3o (de acordo com a I.T.V.) e encontram-se homologadas de acordo com os regulamentos da C.E.E. Dispomos de v\u00e1rios modelos de tapetes universais para autom\u00f3veis fabricados em borracha de elevada qualidade, com grande resist\u00eancia e durabilidade.<\/p>\n","protected":false},"featured_media":4756,"comment_status":"open","ping_status":"closed","template":"","meta":[],"product_cat":[749],"product_tag":[147],"_links":{"self":[{"href":"https:\/\/dev.cautex.com\/pt-pt\/wp-json\/wp\/v2\/product\/4755"}],"collection":[{"href":"https:\/\/dev.cautex.com\/pt-pt\/wp-json\/wp\/v2\/product"}],"about":[{"href":"https:\/\/dev.cautex.com\/pt-pt\/wp-json\/wp\/v2\/types\/product"}],"replies":[{"embeddable":true,"href":"https:\/\/dev.cautex.com\/pt-pt\/wp-json\/wp\/v2\/comments?post=4755"}],"wp:featuredmedia":[{"embeddable":true,"href":"https:\/\/dev.cautex.com\/pt-pt\/wp-json\/wp\/v2\/media\/4756"}],"wp:attachment":[{"href":"https:\/\/dev.cautex.com\/pt-pt\/wp-json\/wp\/v2\/media?parent=4755"}],"wp:term":[{"taxonomy":"product_cat","embeddable":true,"href":"https:\/\/dev.cautex.com\/pt-pt\/wp-json\/wp\/v2\/product_cat?post=4755"},{"taxonomy":"product_tag","embeddable":true,"href":"https:\/\/dev.cautex.com\/pt-pt\/wp-json\/wp\/v2\/product_tag?post=4755"}],"curies":[{"name":"wp","href":"https:\/\/api.w.org\/{rel}","templated":true}]}}