{"id":3332,"date":"2022-07-05T07:41:14","date_gmt":"2022-07-05T07:41:14","guid":{"rendered":"https:\/\/www.cautex.com\/producto\/aste-e-guide-livello-olio"},"modified":"2022-07-05T07:41:14","modified_gmt":"2022-07-05T07:41:14","slug":"aste-e-guide-livello-olio","status":"publish","type":"product","link":"https:\/\/dev.cautex.com\/it\/producto\/aste-e-guide-livello-olio\/","title":{"rendered":"ASTE E GUIDE LIVELLO OLIO"},"content":{"rendered":"<p>L&#8217;astina di livello dell&#8217;olio \u00e8 un elemento metallico utilizzato per misurare con precisione la quantit\u00e0 di lubrificante in un veicolo. A volte \u00e8 sormontato da un indicatore di plastica a un&#8217;estremit\u00e0, mentre l&#8217;estremit\u00e0 opposta \u00e8 solitamente dotata di un anello per una facile rimozione. Sulla punta dell&#8217;astina sono presenti due marcature: una superiore che indica il livello massimo e una inferiore che indica il livello minimo dell&#8217;olio a cui il motore pu\u00f2 funzionare.<\/p>\n","protected":false},"excerpt":{"rendered":"<p>L&#8217;astina di livello dell&#8217;olio \u00e8 un elemento metallico utilizzato per misurare con precisione la quantit\u00e0 di lubrificante in un veicolo. A volte \u00e8 sormontato da un indicatore di plastica a un&#8217;estremit\u00e0, mentre l&#8217;estremit\u00e0 opposta \u00e8 solitamente dotata di un anello per una facile rimozione. Sulla punta dell&#8217;astina sono presenti due marcature: una superiore che indica [&hellip;]<\/p>\n","protected":false},"featured_media":2234,"comment_status":"open","ping_status":"closed","template":"","meta":[],"product_cat":[561,542],"product_tag":[170],"_links":{"self":[{"href":"https:\/\/dev.cautex.com\/it\/wp-json\/wp\/v2\/product\/3332"}],"collection":[{"href":"https:\/\/dev.cautex.com\/it\/wp-json\/wp\/v2\/product"}],"about":[{"href":"https:\/\/dev.cautex.com\/it\/wp-json\/wp\/v2\/types\/product"}],"replies":[{"embeddable":true,"href":"https:\/\/dev.cautex.com\/it\/wp-json\/wp\/v2\/comments?post=3332"}],"wp:featuredmedia":[{"embeddable":true,"href":"https:\/\/dev.cautex.com\/it\/wp-json\/wp\/v2\/media\/2234"}],"wp:attachment":[{"href":"https:\/\/dev.cautex.com\/it\/wp-json\/wp\/v2\/media?parent=3332"}],"wp:term":[{"taxonomy":"product_cat","embeddable":true,"href":"https:\/\/dev.cautex.com\/it\/wp-json\/wp\/v2\/product_cat?post=3332"},{"taxonomy":"product_tag","embeddable":true,"href":"https:\/\/dev.cautex.com\/it\/wp-json\/wp\/v2\/product_tag?post=3332"}],"curies":[{"name":"wp","href":"https:\/\/api.w.org\/{rel}","templated":true}]}}