{"id":3329,"date":"2022-07-12T07:41:15","date_gmt":"2022-07-12T07:41:15","guid":{"rendered":"https:\/\/www.cautex.com\/producto\/sensore-di-impulsi-dellalbero-motore"},"modified":"2022-07-12T07:41:15","modified_gmt":"2022-07-12T07:41:15","slug":"sensore-di-impulsi-dellalbero-motore","status":"publish","type":"product","link":"https:\/\/dev.cautex.com\/it\/producto\/sensore-di-impulsi-dellalbero-motore\/","title":{"rendered":"SENSORE DI IMPULSI DELL&#8217;ALBERO MOTORE"},"content":{"rendered":"<p>Il sensore dell&#8217;albero motore \u00e8 uno dei pi\u00f9 importanti trasmettitori di informazioni del sistema di controllo del motore. Il suo compito \u00e8 quello di registrare la velocit\u00e0 e la posizione dell&#8217;albero motore e di trasmettere queste informazioni al sistema di controllo del motore mediante un segnale elettrico. In questa pagina scoprirete come funziona il sensore dell&#8217;albero a gomiti e quali sono gli aspetti da considerare quando si controlla questo sensore per evitare danni.<\/p>\n","protected":false},"excerpt":{"rendered":"<p>Il sensore dell&#8217;albero motore \u00e8 uno dei pi\u00f9 importanti trasmettitori di informazioni del sistema di controllo del motore. Il suo compito \u00e8 quello di registrare la velocit\u00e0 e la posizione dell&#8217;albero motore e di trasmettere queste informazioni al sistema di controllo del motore mediante un segnale elettrico. In questa pagina scoprirete come funziona il sensore [&hellip;]<\/p>\n","protected":false},"featured_media":3005,"comment_status":"open","ping_status":"closed","template":"","meta":[],"product_cat":[567,570],"product_tag":[],"_links":{"self":[{"href":"https:\/\/dev.cautex.com\/it\/wp-json\/wp\/v2\/product\/3329"}],"collection":[{"href":"https:\/\/dev.cautex.com\/it\/wp-json\/wp\/v2\/product"}],"about":[{"href":"https:\/\/dev.cautex.com\/it\/wp-json\/wp\/v2\/types\/product"}],"replies":[{"embeddable":true,"href":"https:\/\/dev.cautex.com\/it\/wp-json\/wp\/v2\/comments?post=3329"}],"wp:featuredmedia":[{"embeddable":true,"href":"https:\/\/dev.cautex.com\/it\/wp-json\/wp\/v2\/media\/3005"}],"wp:attachment":[{"href":"https:\/\/dev.cautex.com\/it\/wp-json\/wp\/v2\/media?parent=3329"}],"wp:term":[{"taxonomy":"product_cat","embeddable":true,"href":"https:\/\/dev.cautex.com\/it\/wp-json\/wp\/v2\/product_cat?post=3329"},{"taxonomy":"product_tag","embeddable":true,"href":"https:\/\/dev.cautex.com\/it\/wp-json\/wp\/v2\/product_tag?post=3329"}],"curies":[{"name":"wp","href":"https:\/\/api.w.org\/{rel}","templated":true}]}}