{"id":3327,"date":"2022-07-12T07:47:13","date_gmt":"2022-07-12T07:47:13","guid":{"rendered":"https:\/\/www.cautex.com\/producto\/filtri-gpl"},"modified":"2022-07-12T07:47:13","modified_gmt":"2022-07-12T07:47:13","slug":"filtri-gpl","status":"publish","type":"product","link":"https:\/\/dev.cautex.com\/it\/producto\/filtri-gpl\/","title":{"rendered":"FILTRI GPL"},"content":{"rendered":"<p>Il GPL \u00e8 una vera alternativa ecologica al carburante. Un&#8217;opzione pulita ed ecologica, che non emette particolato ed \u00e8 pi\u00f9 economica della benzina. Rinnovare il filtro del gas almeno ogni 20.000 chilometri per evitare la contaminazione dell&#8217;impianto del gas e degli iniettori.<\/p>\n","protected":false},"excerpt":{"rendered":"<p>Il GPL \u00e8 una vera alternativa ecologica al carburante. Un&#8217;opzione pulita ed ecologica, che non emette particolato ed \u00e8 pi\u00f9 economica della benzina. Rinnovare il filtro del gas almeno ogni 20.000 chilometri per evitare la contaminazione dell&#8217;impianto del gas e degli iniettori.<\/p>\n","protected":false},"featured_media":3026,"comment_status":"open","ping_status":"closed","template":"","meta":[],"product_cat":[621,610],"product_tag":[],"_links":{"self":[{"href":"https:\/\/dev.cautex.com\/it\/wp-json\/wp\/v2\/product\/3327"}],"collection":[{"href":"https:\/\/dev.cautex.com\/it\/wp-json\/wp\/v2\/product"}],"about":[{"href":"https:\/\/dev.cautex.com\/it\/wp-json\/wp\/v2\/types\/product"}],"replies":[{"embeddable":true,"href":"https:\/\/dev.cautex.com\/it\/wp-json\/wp\/v2\/comments?post=3327"}],"wp:featuredmedia":[{"embeddable":true,"href":"https:\/\/dev.cautex.com\/it\/wp-json\/wp\/v2\/media\/3026"}],"wp:attachment":[{"href":"https:\/\/dev.cautex.com\/it\/wp-json\/wp\/v2\/media?parent=3327"}],"wp:term":[{"taxonomy":"product_cat","embeddable":true,"href":"https:\/\/dev.cautex.com\/it\/wp-json\/wp\/v2\/product_cat?post=3327"},{"taxonomy":"product_tag","embeddable":true,"href":"https:\/\/dev.cautex.com\/it\/wp-json\/wp\/v2\/product_tag?post=3327"}],"curies":[{"name":"wp","href":"https:\/\/api.w.org\/{rel}","templated":true}]}}