{"id":3316,"date":"2022-07-12T07:46:07","date_gmt":"2022-07-12T07:46:07","guid":{"rendered":"https:\/\/www.cautex.com\/producto\/sensore-vwlocita-ruota-abs"},"modified":"2022-07-12T07:46:07","modified_gmt":"2022-07-12T07:46:07","slug":"sensore-vwlocita-ruota-abs","status":"publish","type":"product","link":"https:\/\/dev.cautex.com\/it\/producto\/sensore-vwlocita-ruota-abs\/","title":{"rendered":"SENSORE VWLOCIT\u00c0 RUOTA &#8211; ABS"},"content":{"rendered":"<p>I sensori dell&#8217;ABS (Antilock Braking System), o sensori di velocit\u00e0 delle ruote, sono situati nei mozzi delle ruote e rilevano la velocit\u00e0 di rotazione di ciascuna ruota, trasferendo queste informazioni alla centralina dell&#8217;ABS. Se la centralina dell&#8217;ABS rileva un calo significativo della velocit\u00e0 su una o pi\u00f9 ruote, che potrebbe causare il bloccaggio, interviene rapidamente modulando la pressione di frenata su ogni singola ruota. Ci\u00f2 impedisce il bloccaggio delle ruote e garantisce una frenata sicura, consentendo al conducente di mantenere il controllo del veicolo.<\/p>\n","protected":false},"excerpt":{"rendered":"<p>I sensori dell&#8217;ABS (Antilock Braking System), o sensori di velocit\u00e0 delle ruote, sono situati nei mozzi delle ruote e rilevano la velocit\u00e0 di rotazione di ciascuna ruota, trasferendo queste informazioni alla centralina dell&#8217;ABS. Se la centralina dell&#8217;ABS rileva un calo significativo della velocit\u00e0 su una o pi\u00f9 ruote, che potrebbe causare il bloccaggio, interviene rapidamente [&hellip;]<\/p>\n","protected":false},"featured_media":3019,"comment_status":"open","ping_status":"closed","template":"","meta":[],"product_cat":[567,568],"product_tag":[],"_links":{"self":[{"href":"https:\/\/dev.cautex.com\/it\/wp-json\/wp\/v2\/product\/3316"}],"collection":[{"href":"https:\/\/dev.cautex.com\/it\/wp-json\/wp\/v2\/product"}],"about":[{"href":"https:\/\/dev.cautex.com\/it\/wp-json\/wp\/v2\/types\/product"}],"replies":[{"embeddable":true,"href":"https:\/\/dev.cautex.com\/it\/wp-json\/wp\/v2\/comments?post=3316"}],"wp:featuredmedia":[{"embeddable":true,"href":"https:\/\/dev.cautex.com\/it\/wp-json\/wp\/v2\/media\/3019"}],"wp:attachment":[{"href":"https:\/\/dev.cautex.com\/it\/wp-json\/wp\/v2\/media?parent=3316"}],"wp:term":[{"taxonomy":"product_cat","embeddable":true,"href":"https:\/\/dev.cautex.com\/it\/wp-json\/wp\/v2\/product_cat?post=3316"},{"taxonomy":"product_tag","embeddable":true,"href":"https:\/\/dev.cautex.com\/it\/wp-json\/wp\/v2\/product_tag?post=3316"}],"curies":[{"name":"wp","href":"https:\/\/api.w.org\/{rel}","templated":true}]}}