{"id":3217,"date":"2022-07-04T08:17:56","date_gmt":"2022-07-04T08:17:56","guid":{"rendered":"https:\/\/www.cautex.com\/producto\/mozzi-e-dadi"},"modified":"2022-07-04T08:17:56","modified_gmt":"2022-07-04T08:17:56","slug":"mozzi-e-dadi","status":"publish","type":"product","link":"https:\/\/dev.cautex.com\/it\/producto\/mozzi-e-dadi\/","title":{"rendered":"MOZZI E DADI"},"content":{"rendered":"<p>Una serie di mozzi che sostengono la ruota e le consentono di ruotare sul proprio asse. Grazie alla grande flessibilit\u00e0 dei loro materiali, riducono l&#8217;usura, il rumore e le vibrazioni che questa attivit\u00e0 genera. I nostri mozzi rispettano le tolleranze dimensionali pi\u00f9 restrittive.<\/p>\n","protected":false},"excerpt":{"rendered":"<p>Una serie di mozzi che sostengono la ruota e le consentono di ruotare sul proprio asse. Grazie alla grande flessibilit\u00e0 dei loro materiali, riducono l&#8217;usura, il rumore e le vibrazioni che questa attivit\u00e0 genera. I nostri mozzi rispettano le tolleranze dimensionali pi\u00f9 restrittive.<\/p>\n","protected":false},"featured_media":2219,"comment_status":"open","ping_status":"closed","template":"","meta":[],"product_cat":[542,545],"product_tag":[161],"_links":{"self":[{"href":"https:\/\/dev.cautex.com\/it\/wp-json\/wp\/v2\/product\/3217"}],"collection":[{"href":"https:\/\/dev.cautex.com\/it\/wp-json\/wp\/v2\/product"}],"about":[{"href":"https:\/\/dev.cautex.com\/it\/wp-json\/wp\/v2\/types\/product"}],"replies":[{"embeddable":true,"href":"https:\/\/dev.cautex.com\/it\/wp-json\/wp\/v2\/comments?post=3217"}],"wp:featuredmedia":[{"embeddable":true,"href":"https:\/\/dev.cautex.com\/it\/wp-json\/wp\/v2\/media\/2219"}],"wp:attachment":[{"href":"https:\/\/dev.cautex.com\/it\/wp-json\/wp\/v2\/media?parent=3217"}],"wp:term":[{"taxonomy":"product_cat","embeddable":true,"href":"https:\/\/dev.cautex.com\/it\/wp-json\/wp\/v2\/product_cat?post=3217"},{"taxonomy":"product_tag","embeddable":true,"href":"https:\/\/dev.cautex.com\/it\/wp-json\/wp\/v2\/product_tag?post=3217"}],"curies":[{"name":"wp","href":"https:\/\/api.w.org\/{rel}","templated":true}]}}