{"id":3213,"date":"2022-07-04T08:35:45","date_gmt":"2022-07-04T08:35:45","guid":{"rendered":"https:\/\/www.cautex.com\/producto\/biellette-sospensioni"},"modified":"2022-07-04T08:35:45","modified_gmt":"2022-07-04T08:35:45","slug":"biellette-sospensioni","status":"publish","type":"product","link":"https:\/\/dev.cautex.com\/it\/producto\/biellette-sospensioni\/","title":{"rendered":"BIELLETTE SOSPENSIONI"},"content":{"rendered":"<p>Un&#8217;ampia gamma di tiranti per sospensioni e barre stabilizzatrici di alta qualit\u00e0, in grado di fornire l&#8217;elasticit\u00e0 necessaria per mantenere la stabilit\u00e0 dell&#8217;auto. Il design migliorato garantisce un fissaggio pi\u00f9 sicuro della barra stabilizzatrice all&#8217;intero gruppo della sospensione.<\/p>\n","protected":false},"excerpt":{"rendered":"<p>Un&#8217;ampia gamma di tiranti per sospensioni e barre stabilizzatrici di alta qualit\u00e0, in grado di fornire l&#8217;elasticit\u00e0 necessaria per mantenere la stabilit\u00e0 dell&#8217;auto. Il design migliorato garantisce un fissaggio pi\u00f9 sicuro della barra stabilizzatrice all&#8217;intero gruppo della sospensione.<\/p>\n","protected":false},"featured_media":2220,"comment_status":"open","ping_status":"closed","template":"","meta":[],"product_cat":[544,542],"product_tag":[162],"_links":{"self":[{"href":"https:\/\/dev.cautex.com\/it\/wp-json\/wp\/v2\/product\/3213"}],"collection":[{"href":"https:\/\/dev.cautex.com\/it\/wp-json\/wp\/v2\/product"}],"about":[{"href":"https:\/\/dev.cautex.com\/it\/wp-json\/wp\/v2\/types\/product"}],"replies":[{"embeddable":true,"href":"https:\/\/dev.cautex.com\/it\/wp-json\/wp\/v2\/comments?post=3213"}],"wp:featuredmedia":[{"embeddable":true,"href":"https:\/\/dev.cautex.com\/it\/wp-json\/wp\/v2\/media\/2220"}],"wp:attachment":[{"href":"https:\/\/dev.cautex.com\/it\/wp-json\/wp\/v2\/media?parent=3213"}],"wp:term":[{"taxonomy":"product_cat","embeddable":true,"href":"https:\/\/dev.cautex.com\/it\/wp-json\/wp\/v2\/product_cat?post=3213"},{"taxonomy":"product_tag","embeddable":true,"href":"https:\/\/dev.cautex.com\/it\/wp-json\/wp\/v2\/product_tag?post=3213"}],"curies":[{"name":"wp","href":"https:\/\/api.w.org\/{rel}","templated":true}]}}