{"id":3211,"date":"2022-07-06T08:15:46","date_gmt":"2022-07-06T08:15:46","guid":{"rendered":"https:\/\/www.cautex.com\/producto\/barra-stabilizzatrice"},"modified":"2022-07-06T08:15:46","modified_gmt":"2022-07-06T08:15:46","slug":"barra-stabilizzatrice","status":"publish","type":"product","link":"https:\/\/dev.cautex.com\/it\/producto\/barra-stabilizzatrice\/","title":{"rendered":"BARRA STABILIZZATRICE"},"content":{"rendered":"<p>La barra stabilizzatrice \u00e8 responsabile della riduzione del rollio del veicolo in curva. Si tratta di una barra metallica semi-flessibile che unisce le due ruote dello stesso asse ed \u00e8 anche attaccata alla carrozzeria. Il suo design fa s\u00ec che quando un lato della carrozzeria affonda, anche l&#8217;altro affonda, aumentando cos\u00ec la stabilit\u00e0 dell&#8217;auto.<\/p>\n","protected":false},"excerpt":{"rendered":"<p>La barra stabilizzatrice \u00e8 responsabile della riduzione del rollio del veicolo in curva. Si tratta di una barra metallica semi-flessibile che unisce le due ruote dello stesso asse ed \u00e8 anche attaccata alla carrozzeria. Il suo design fa s\u00ec che quando un lato della carrozzeria affonda, anche l&#8217;altro affonda, aumentando cos\u00ec la stabilit\u00e0 dell&#8217;auto.<\/p>\n","protected":false},"featured_media":2264,"comment_status":"open","ping_status":"closed","template":"","meta":[],"product_cat":[611,610],"product_tag":[201],"_links":{"self":[{"href":"https:\/\/dev.cautex.com\/it\/wp-json\/wp\/v2\/product\/3211"}],"collection":[{"href":"https:\/\/dev.cautex.com\/it\/wp-json\/wp\/v2\/product"}],"about":[{"href":"https:\/\/dev.cautex.com\/it\/wp-json\/wp\/v2\/types\/product"}],"replies":[{"embeddable":true,"href":"https:\/\/dev.cautex.com\/it\/wp-json\/wp\/v2\/comments?post=3211"}],"wp:featuredmedia":[{"embeddable":true,"href":"https:\/\/dev.cautex.com\/it\/wp-json\/wp\/v2\/media\/2264"}],"wp:attachment":[{"href":"https:\/\/dev.cautex.com\/it\/wp-json\/wp\/v2\/media?parent=3211"}],"wp:term":[{"taxonomy":"product_cat","embeddable":true,"href":"https:\/\/dev.cautex.com\/it\/wp-json\/wp\/v2\/product_cat?post=3211"},{"taxonomy":"product_tag","embeddable":true,"href":"https:\/\/dev.cautex.com\/it\/wp-json\/wp\/v2\/product_tag?post=3211"}],"curies":[{"name":"wp","href":"https:\/\/api.w.org\/{rel}","templated":true}]}}