{"id":3488,"date":"2022-07-12T07:35:20","date_gmt":"2022-07-12T07:35:20","guid":{"rendered":"https:\/\/www.cautex.com\/producto\/rotula-articulacion-axial"},"modified":"2022-07-12T07:35:20","modified_gmt":"2022-07-12T07:35:20","slug":"rotula-articulacion-axial","status":"publish","type":"product","link":"https:\/\/dev.cautex.com\/is-lm\/producto\/rotula-articulacion-axial\/","title":{"rendered":"R\u00d3TULA ARTICULACI\u00d3N AXIAL"},"content":{"rendered":"<p>La r\u00f3tula axial est\u00e1 situada directamente en el eje de transmisi\u00f3n que sale de la caja de cambios. Se esconde debajo de un manguito, lleno de un lubricante permanente. As\u00ed la r\u00f3tula est\u00e1 protegida contra la penetraci\u00f3n de suciedad o fugas de lubricante.<\/p>\n","protected":false},"excerpt":{"rendered":"<p>La r\u00f3tula axial est\u00e1 situada directamente en el eje de transmisi\u00f3n que sale de la caja de cambios. Se esconde debajo de un manguito, lleno de un lubricante permanente. As\u00ed la r\u00f3tula est\u00e1 protegida contra la penetraci\u00f3n de suciedad o fugas de lubricante.<\/p>\n","protected":false},"featured_media":2972,"comment_status":"open","ping_status":"closed","template":"","meta":[],"product_cat":[638,660],"product_tag":[],"_links":{"self":[{"href":"https:\/\/dev.cautex.com\/is-lm\/wp-json\/wp\/v2\/product\/3488"}],"collection":[{"href":"https:\/\/dev.cautex.com\/is-lm\/wp-json\/wp\/v2\/product"}],"about":[{"href":"https:\/\/dev.cautex.com\/is-lm\/wp-json\/wp\/v2\/types\/product"}],"replies":[{"embeddable":true,"href":"https:\/\/dev.cautex.com\/is-lm\/wp-json\/wp\/v2\/comments?post=3488"}],"wp:featuredmedia":[{"embeddable":true,"href":"https:\/\/dev.cautex.com\/is-lm\/wp-json\/wp\/v2\/media\/2972"}],"wp:attachment":[{"href":"https:\/\/dev.cautex.com\/is-lm\/wp-json\/wp\/v2\/media?parent=3488"}],"wp:term":[{"taxonomy":"product_cat","embeddable":true,"href":"https:\/\/dev.cautex.com\/is-lm\/wp-json\/wp\/v2\/product_cat?post=3488"},{"taxonomy":"product_tag","embeddable":true,"href":"https:\/\/dev.cautex.com\/is-lm\/wp-json\/wp\/v2\/product_tag?post=3488"}],"curies":[{"name":"wp","href":"https:\/\/api.w.org\/{rel}","templated":true}]}}