{"id":3487,"date":"2022-07-12T07:36:42","date_gmt":"2022-07-12T07:36:42","guid":{"rendered":"https:\/\/www.cautex.com\/producto\/rotula-barra-acoplamiento"},"modified":"2022-07-12T07:36:42","modified_gmt":"2022-07-12T07:36:42","slug":"rotula-barra-acoplamiento","status":"publish","type":"product","link":"https:\/\/dev.cautex.com\/is-lm\/producto\/rotula-barra-acoplamiento\/","title":{"rendered":"R\u00d3TULA BARRA ACOPLAMIENTO"},"content":{"rendered":"<p>Las barras de acoplamiento (varillas centrales) son componentes de la direcci\u00f3n que traspasan el movimiento giratorio de la caja de direcci\u00f3n a una segunda articulaci\u00f3n. Se trata de la conexi\u00f3n central de las cajas de direcci\u00f3n y debe ser s\u00f3lida y duradera.<\/p>\n","protected":false},"excerpt":{"rendered":"<p>Las barras de acoplamiento (varillas centrales) son componentes de la direcci\u00f3n que traspasan el movimiento giratorio de la caja de direcci\u00f3n a una segunda articulaci\u00f3n. Se trata de la conexi\u00f3n central de las cajas de direcci\u00f3n y debe ser s\u00f3lida y duradera.<\/p>\n","protected":false},"featured_media":2979,"comment_status":"open","ping_status":"closed","template":"","meta":[],"product_cat":[638,658],"product_tag":[],"_links":{"self":[{"href":"https:\/\/dev.cautex.com\/is-lm\/wp-json\/wp\/v2\/product\/3487"}],"collection":[{"href":"https:\/\/dev.cautex.com\/is-lm\/wp-json\/wp\/v2\/product"}],"about":[{"href":"https:\/\/dev.cautex.com\/is-lm\/wp-json\/wp\/v2\/types\/product"}],"replies":[{"embeddable":true,"href":"https:\/\/dev.cautex.com\/is-lm\/wp-json\/wp\/v2\/comments?post=3487"}],"wp:featuredmedia":[{"embeddable":true,"href":"https:\/\/dev.cautex.com\/is-lm\/wp-json\/wp\/v2\/media\/2979"}],"wp:attachment":[{"href":"https:\/\/dev.cautex.com\/is-lm\/wp-json\/wp\/v2\/media?parent=3487"}],"wp:term":[{"taxonomy":"product_cat","embeddable":true,"href":"https:\/\/dev.cautex.com\/is-lm\/wp-json\/wp\/v2\/product_cat?post=3487"},{"taxonomy":"product_tag","embeddable":true,"href":"https:\/\/dev.cautex.com\/is-lm\/wp-json\/wp\/v2\/product_tag?post=3487"}],"curies":[{"name":"wp","href":"https:\/\/api.w.org\/{rel}","templated":true}]}}