{"id":3485,"date":"2022-07-12T07:39:39","date_gmt":"2022-07-12T07:39:39","guid":{"rendered":"https:\/\/www.cautex.com\/producto\/sensor-de-presiom-map"},"modified":"2022-07-12T07:39:39","modified_gmt":"2022-07-12T07:39:39","slug":"sensor-de-presiom-map","status":"publish","type":"product","link":"https:\/\/dev.cautex.com\/is-lm\/producto\/sensor-de-presiom-map\/","title":{"rendered":"SENSOR DE PRESI\u00d3M (MAP)"},"content":{"rendered":"<p>Estos sensores detectan la presi\u00f3n del aire aspirado por el colector de aspiraci\u00f3n. A trav\u00e9s de este sistema algunos tipos de inyecci\u00f3n electr\u00f3nica calculan indirectamente la cantidad de aire de entrada y determinan la correcta dosificaci\u00f3n del combustible. Estos sensores convierten la presi\u00f3n del aire de entrada en voltaje proporcional y los env\u00eda a la ECU. Este sistema asegura el porcentaje m\u00e1s bajo de sustancias da\u00f1inas dentro de los gases de escape y un funcionamiento \u00f3ptimo del motor.<\/p>\n<p>&nbsp;<\/p>\n","protected":false},"excerpt":{"rendered":"<p>Estos sensores detectan la presi\u00f3n del aire aspirado por el colector de aspiraci\u00f3n. A trav\u00e9s de este sistema algunos tipos de inyecci\u00f3n electr\u00f3nica calculan indirectamente la cantidad de aire de entrada y determinan la correcta dosificaci\u00f3n del combustible. Estos sensores convierten la presi\u00f3n del aire de entrada en voltaje proporcional y los env\u00eda a la [&hellip;]<\/p>\n","protected":false},"featured_media":2993,"comment_status":"open","ping_status":"closed","template":"","meta":[],"product_cat":[663,667],"product_tag":[],"_links":{"self":[{"href":"https:\/\/dev.cautex.com\/is-lm\/wp-json\/wp\/v2\/product\/3485"}],"collection":[{"href":"https:\/\/dev.cautex.com\/is-lm\/wp-json\/wp\/v2\/product"}],"about":[{"href":"https:\/\/dev.cautex.com\/is-lm\/wp-json\/wp\/v2\/types\/product"}],"replies":[{"embeddable":true,"href":"https:\/\/dev.cautex.com\/is-lm\/wp-json\/wp\/v2\/comments?post=3485"}],"wp:featuredmedia":[{"embeddable":true,"href":"https:\/\/dev.cautex.com\/is-lm\/wp-json\/wp\/v2\/media\/2993"}],"wp:attachment":[{"href":"https:\/\/dev.cautex.com\/is-lm\/wp-json\/wp\/v2\/media?parent=3485"}],"wp:term":[{"taxonomy":"product_cat","embeddable":true,"href":"https:\/\/dev.cautex.com\/is-lm\/wp-json\/wp\/v2\/product_cat?post=3485"},{"taxonomy":"product_tag","embeddable":true,"href":"https:\/\/dev.cautex.com\/is-lm\/wp-json\/wp\/v2\/product_tag?post=3485"}],"curies":[{"name":"wp","href":"https:\/\/api.w.org\/{rel}","templated":true}]}}