{"id":3484,"date":"2022-07-12T07:41:15","date_gmt":"2022-07-12T07:41:15","guid":{"rendered":"https:\/\/www.cautex.com\/producto\/sensor-impulsos-ciguenal"},"modified":"2022-07-12T07:41:15","modified_gmt":"2022-07-12T07:41:15","slug":"sensor-impulsos-ciguenal","status":"publish","type":"product","link":"https:\/\/dev.cautex.com\/is-lm\/producto\/sensor-impulsos-ciguenal\/","title":{"rendered":"SENSOR IMPULSOS CIG\u00dcE\u00d1AL"},"content":{"rendered":"<p>El sensor del cig\u00fce\u00f1al es uno de los transmisores de informaci\u00f3n m\u00e1s importantes dentro de la regulaci\u00f3n del motor. Tiene el cometido de registrar el n\u00famero de revoluciones y la posici\u00f3n del eje del cig\u00fce\u00f1al y de transmitir esta informaci\u00f3n a la regulaci\u00f3n del motor mediante una se\u00f1al el\u00e9ctrica. En esta p\u00e1gina descubrir\u00e1 c\u00f3mo funciona un sensor del cig\u00fce\u00f1al y qu\u00e9 debe tenerse en cuenta a la hora de revisar este sensor con el fin de evitar da\u00f1os.<\/p>\n","protected":false},"excerpt":{"rendered":"<p>El sensor del cig\u00fce\u00f1al es uno de los transmisores de informaci\u00f3n m\u00e1s importantes dentro de la regulaci\u00f3n del motor. Tiene el cometido de registrar el n\u00famero de revoluciones y la posici\u00f3n del eje del cig\u00fce\u00f1al y de transmitir esta informaci\u00f3n a la regulaci\u00f3n del motor mediante una se\u00f1al el\u00e9ctrica. En esta p\u00e1gina descubrir\u00e1 c\u00f3mo funciona [&hellip;]<\/p>\n","protected":false},"featured_media":3007,"comment_status":"open","ping_status":"closed","template":"","meta":[],"product_cat":[663,665],"product_tag":[],"_links":{"self":[{"href":"https:\/\/dev.cautex.com\/is-lm\/wp-json\/wp\/v2\/product\/3484"}],"collection":[{"href":"https:\/\/dev.cautex.com\/is-lm\/wp-json\/wp\/v2\/product"}],"about":[{"href":"https:\/\/dev.cautex.com\/is-lm\/wp-json\/wp\/v2\/types\/product"}],"replies":[{"embeddable":true,"href":"https:\/\/dev.cautex.com\/is-lm\/wp-json\/wp\/v2\/comments?post=3484"}],"wp:featuredmedia":[{"embeddable":true,"href":"https:\/\/dev.cautex.com\/is-lm\/wp-json\/wp\/v2\/media\/3007"}],"wp:attachment":[{"href":"https:\/\/dev.cautex.com\/is-lm\/wp-json\/wp\/v2\/media?parent=3484"}],"wp:term":[{"taxonomy":"product_cat","embeddable":true,"href":"https:\/\/dev.cautex.com\/is-lm\/wp-json\/wp\/v2\/product_cat?post=3484"},{"taxonomy":"product_tag","embeddable":true,"href":"https:\/\/dev.cautex.com\/is-lm\/wp-json\/wp\/v2\/product_tag?post=3484"}],"curies":[{"name":"wp","href":"https:\/\/api.w.org\/{rel}","templated":true}]}}