{"id":3483,"date":"2022-07-12T07:43:15","date_gmt":"2022-07-12T07:43:15","guid":{"rendered":"https:\/\/www.cautex.com\/producto\/sensor-posicion-arbol-levas"},"modified":"2022-07-12T07:43:15","modified_gmt":"2022-07-12T07:43:15","slug":"sensor-posicion-arbol-levas","status":"publish","type":"product","link":"https:\/\/dev.cautex.com\/is-lm\/producto\/sensor-posicion-arbol-levas\/","title":{"rendered":"SENSOR POSICI\u00d3N \u00c1RBOL LEVAS"},"content":{"rendered":"<p>Los sensores del \u00e1rbol de levas permiten a la gesti\u00f3n del motor definir exactamente la posici\u00f3n del primer cilindro. Esta informaci\u00f3n se utiliza, entre otros fines, para calcular el momento de encendido y el momento de la inyecci\u00f3n.<\/p>\n","protected":false},"excerpt":{"rendered":"<p>Los sensores del \u00e1rbol de levas permiten a la gesti\u00f3n del motor definir exactamente la posici\u00f3n del primer cilindro. Esta informaci\u00f3n se utiliza, entre otros fines, para calcular el momento de encendido y el momento de la inyecci\u00f3n.<\/p>\n","protected":false},"featured_media":3000,"comment_status":"open","ping_status":"closed","template":"","meta":[],"product_cat":[663,666],"product_tag":[],"_links":{"self":[{"href":"https:\/\/dev.cautex.com\/is-lm\/wp-json\/wp\/v2\/product\/3483"}],"collection":[{"href":"https:\/\/dev.cautex.com\/is-lm\/wp-json\/wp\/v2\/product"}],"about":[{"href":"https:\/\/dev.cautex.com\/is-lm\/wp-json\/wp\/v2\/types\/product"}],"replies":[{"embeddable":true,"href":"https:\/\/dev.cautex.com\/is-lm\/wp-json\/wp\/v2\/comments?post=3483"}],"wp:featuredmedia":[{"embeddable":true,"href":"https:\/\/dev.cautex.com\/is-lm\/wp-json\/wp\/v2\/media\/3000"}],"wp:attachment":[{"href":"https:\/\/dev.cautex.com\/is-lm\/wp-json\/wp\/v2\/media?parent=3483"}],"wp:term":[{"taxonomy":"product_cat","embeddable":true,"href":"https:\/\/dev.cautex.com\/is-lm\/wp-json\/wp\/v2\/product_cat?post=3483"},{"taxonomy":"product_tag","embeddable":true,"href":"https:\/\/dev.cautex.com\/is-lm\/wp-json\/wp\/v2\/product_tag?post=3483"}],"curies":[{"name":"wp","href":"https:\/\/api.w.org\/{rel}","templated":true}]}}