{"id":3482,"date":"2022-07-12T07:45:00","date_gmt":"2022-07-12T07:45:00","guid":{"rendered":"https:\/\/www.cautex.com\/producto\/sensor-de-presion-de-aceite"},"modified":"2022-07-12T07:45:00","modified_gmt":"2022-07-12T07:45:00","slug":"sensor-de-presion-de-aceite","status":"publish","type":"product","link":"https:\/\/dev.cautex.com\/is-lm\/producto\/sensor-de-presion-de-aceite\/","title":{"rendered":"SENSOR DE PRESI\u00d3N DE ACEITE"},"content":{"rendered":"<p>El sensor de presi\u00f3n del aceite, tambi\u00e9n conocido como la pera del aceite, es el encargado de enviar la se\u00f1al a la ECU sobre la presi\u00f3n del aceite del motor, y emite la se\u00f1al al indicador en el tablero.<\/p>\n","protected":false},"excerpt":{"rendered":"<p>El sensor de presi\u00f3n del aceite, tambi\u00e9n conocido como la pera del aceite, es el encargado de enviar la se\u00f1al a la ECU sobre la presi\u00f3n del aceite del motor, y emite la se\u00f1al al indicador en el tablero.<\/p>\n","protected":false},"featured_media":3014,"comment_status":"open","ping_status":"closed","template":"","meta":[],"product_cat":[663,668],"product_tag":[],"_links":{"self":[{"href":"https:\/\/dev.cautex.com\/is-lm\/wp-json\/wp\/v2\/product\/3482"}],"collection":[{"href":"https:\/\/dev.cautex.com\/is-lm\/wp-json\/wp\/v2\/product"}],"about":[{"href":"https:\/\/dev.cautex.com\/is-lm\/wp-json\/wp\/v2\/types\/product"}],"replies":[{"embeddable":true,"href":"https:\/\/dev.cautex.com\/is-lm\/wp-json\/wp\/v2\/comments?post=3482"}],"wp:featuredmedia":[{"embeddable":true,"href":"https:\/\/dev.cautex.com\/is-lm\/wp-json\/wp\/v2\/media\/3014"}],"wp:attachment":[{"href":"https:\/\/dev.cautex.com\/is-lm\/wp-json\/wp\/v2\/media?parent=3482"}],"wp:term":[{"taxonomy":"product_cat","embeddable":true,"href":"https:\/\/dev.cautex.com\/is-lm\/wp-json\/wp\/v2\/product_cat?post=3482"},{"taxonomy":"product_tag","embeddable":true,"href":"https:\/\/dev.cautex.com\/is-lm\/wp-json\/wp\/v2\/product_tag?post=3482"}],"curies":[{"name":"wp","href":"https:\/\/api.w.org\/{rel}","templated":true}]}}