{"id":3481,"date":"2022-07-12T07:46:07","date_gmt":"2022-07-12T07:46:07","guid":{"rendered":"https:\/\/www.cautex.com\/producto\/sensor-velocidad-ruedas-abs"},"modified":"2022-07-12T07:46:07","modified_gmt":"2022-07-12T07:46:07","slug":"sensor-velocidad-ruedas-abs","status":"publish","type":"product","link":"https:\/\/dev.cautex.com\/is-lm\/producto\/sensor-velocidad-ruedas-abs\/","title":{"rendered":"SENSOR VELOCIDAD RUEDAS &#8211; ABS"},"content":{"rendered":"<p>Los sensores ABS (Antilock Braking System) o Sensores de Revoluciones de Rueda, van ubicados en el buje de las ruedas y detectan la velocidad de giro de cada una de ellas, transfiriendo esta informaci\u00f3n a la unidad de control del sistema ABS. Si la unidad de control del sistema ABS detecta que hay un descenso importante de velocidad en una o varias ruedas, lo que podr\u00eda provocar que se bloquearan, interviene r\u00e1pidamente modulando la presi\u00f3n de frenado de cada rueda individualmente. De este modo se evita que las ruedas se bloqueen y garantizan un frenado seguro, permitiendo al conductor mantener el control del veh\u00edculo.<\/p>\n","protected":false},"excerpt":{"rendered":"<p>Los sensores ABS (Antilock Braking System) o Sensores de Revoluciones de Rueda, van ubicados en el buje de las ruedas y detectan la velocidad de giro de cada una de ellas, transfiriendo esta informaci\u00f3n a la unidad de control del sistema ABS. Si la unidad de control del sistema ABS detecta que hay un descenso [&hellip;]<\/p>\n","protected":false},"featured_media":3021,"comment_status":"open","ping_status":"closed","template":"","meta":[],"product_cat":[663,664],"product_tag":[],"_links":{"self":[{"href":"https:\/\/dev.cautex.com\/is-lm\/wp-json\/wp\/v2\/product\/3481"}],"collection":[{"href":"https:\/\/dev.cautex.com\/is-lm\/wp-json\/wp\/v2\/product"}],"about":[{"href":"https:\/\/dev.cautex.com\/is-lm\/wp-json\/wp\/v2\/types\/product"}],"replies":[{"embeddable":true,"href":"https:\/\/dev.cautex.com\/is-lm\/wp-json\/wp\/v2\/comments?post=3481"}],"wp:featuredmedia":[{"embeddable":true,"href":"https:\/\/dev.cautex.com\/is-lm\/wp-json\/wp\/v2\/media\/3021"}],"wp:attachment":[{"href":"https:\/\/dev.cautex.com\/is-lm\/wp-json\/wp\/v2\/media?parent=3481"}],"wp:term":[{"taxonomy":"product_cat","embeddable":true,"href":"https:\/\/dev.cautex.com\/is-lm\/wp-json\/wp\/v2\/product_cat?post=3481"},{"taxonomy":"product_tag","embeddable":true,"href":"https:\/\/dev.cautex.com\/is-lm\/wp-json\/wp\/v2\/product_tag?post=3481"}],"curies":[{"name":"wp","href":"https:\/\/api.w.org\/{rel}","templated":true}]}}