{"id":3480,"date":"2022-07-12T07:47:13","date_gmt":"2022-07-12T07:47:13","guid":{"rendered":"https:\/\/www.cautex.com\/producto\/filtros-gpl"},"modified":"2022-07-12T07:47:13","modified_gmt":"2022-07-12T07:47:13","slug":"filtros-gpl","status":"publish","type":"product","link":"https:\/\/dev.cautex.com\/is-lm\/producto\/filtros-gpl\/","title":{"rendered":"FILTROS GPL"},"content":{"rendered":"<p>El GPL es una alternativa ecol\u00f3gica real al carburante. Opci\u00f3n limpia y respetuosa con el medioambiente, no emite part\u00edculas contaminantes y es m\u00e1s econ\u00f3mico que la gasolina. Renueve su filtro de gas por lo menos cada 20,000 kilometros para evitar la contaminaci\u00f3n del sistema e inyectores de gas.<\/p>\n","protected":false},"excerpt":{"rendered":"<p>El GPL es una alternativa ecol\u00f3gica real al carburante. Opci\u00f3n limpia y respetuosa con el medioambiente, no emite part\u00edculas contaminantes y es m\u00e1s econ\u00f3mico que la gasolina. Renueve su filtro de gas por lo menos cada 20,000 kilometros para evitar la contaminaci\u00f3n del sistema e inyectores de gas.<\/p>\n","protected":false},"featured_media":3028,"comment_status":"open","ping_status":"closed","template":"","meta":[],"product_cat":[716,706],"product_tag":[],"_links":{"self":[{"href":"https:\/\/dev.cautex.com\/is-lm\/wp-json\/wp\/v2\/product\/3480"}],"collection":[{"href":"https:\/\/dev.cautex.com\/is-lm\/wp-json\/wp\/v2\/product"}],"about":[{"href":"https:\/\/dev.cautex.com\/is-lm\/wp-json\/wp\/v2\/types\/product"}],"replies":[{"embeddable":true,"href":"https:\/\/dev.cautex.com\/is-lm\/wp-json\/wp\/v2\/comments?post=3480"}],"wp:featuredmedia":[{"embeddable":true,"href":"https:\/\/dev.cautex.com\/is-lm\/wp-json\/wp\/v2\/media\/3028"}],"wp:attachment":[{"href":"https:\/\/dev.cautex.com\/is-lm\/wp-json\/wp\/v2\/media?parent=3480"}],"wp:term":[{"taxonomy":"product_cat","embeddable":true,"href":"https:\/\/dev.cautex.com\/is-lm\/wp-json\/wp\/v2\/product_cat?post=3480"},{"taxonomy":"product_tag","embeddable":true,"href":"https:\/\/dev.cautex.com\/is-lm\/wp-json\/wp\/v2\/product_tag?post=3480"}],"curies":[{"name":"wp","href":"https:\/\/api.w.org\/{rel}","templated":true}]}}