{"id":3478,"date":"2022-07-12T07:49:11","date_gmt":"2022-07-12T07:49:11","guid":{"rendered":"https:\/\/www.cautex.com\/producto\/bomba-de-agua-adicional"},"modified":"2022-07-12T07:49:11","modified_gmt":"2022-07-12T07:49:11","slug":"bomba-de-agua-adicional","status":"publish","type":"product","link":"https:\/\/dev.cautex.com\/is-lm\/producto\/bomba-de-agua-adicional\/","title":{"rendered":"BOMBA DE AGUA ADICIONAL"},"content":{"rendered":"<p>Sistemas auxiliares de refrigeraci\u00f3n que se utilizan, sobre todo, para motores de combusti\u00f3n con sistema Start &amp; Stop. Dependiendo de la temperatura del motor, esta bomba empezar\u00e1 a funcionar para reducir los grados de la culata y el bloque motor. El objetivo es que el motor no se quede parado con una temperatura muy alta que pueda estropear los materiales de su interior.<\/p>\n","protected":false},"excerpt":{"rendered":"<p>Sistemas auxiliares de refrigeraci\u00f3n que se utilizan, sobre todo, para motores de combusti\u00f3n con sistema Start &amp; Stop. Dependiendo de la temperatura del motor, esta bomba empezar\u00e1 a funcionar para reducir los grados de la culata y el bloque motor. El objetivo es que el motor no se quede parado con una temperatura muy alta [&hellip;]<\/p>\n","protected":false},"featured_media":3042,"comment_status":"open","ping_status":"closed","template":"","meta":[],"product_cat":[717,706],"product_tag":[],"_links":{"self":[{"href":"https:\/\/dev.cautex.com\/is-lm\/wp-json\/wp\/v2\/product\/3478"}],"collection":[{"href":"https:\/\/dev.cautex.com\/is-lm\/wp-json\/wp\/v2\/product"}],"about":[{"href":"https:\/\/dev.cautex.com\/is-lm\/wp-json\/wp\/v2\/types\/product"}],"replies":[{"embeddable":true,"href":"https:\/\/dev.cautex.com\/is-lm\/wp-json\/wp\/v2\/comments?post=3478"}],"wp:featuredmedia":[{"embeddable":true,"href":"https:\/\/dev.cautex.com\/is-lm\/wp-json\/wp\/v2\/media\/3042"}],"wp:attachment":[{"href":"https:\/\/dev.cautex.com\/is-lm\/wp-json\/wp\/v2\/media?parent=3478"}],"wp:term":[{"taxonomy":"product_cat","embeddable":true,"href":"https:\/\/dev.cautex.com\/is-lm\/wp-json\/wp\/v2\/product_cat?post=3478"},{"taxonomy":"product_tag","embeddable":true,"href":"https:\/\/dev.cautex.com\/is-lm\/wp-json\/wp\/v2\/product_tag?post=3478"}],"curies":[{"name":"wp","href":"https:\/\/api.w.org\/{rel}","templated":true}]}}