{"id":3476,"date":"2022-07-12T07:51:00","date_gmt":"2022-07-12T07:51:00","guid":{"rendered":"https:\/\/www.cautex.com\/producto\/sensor-de-oxigeno"},"modified":"2022-07-12T07:51:00","modified_gmt":"2022-07-12T07:51:00","slug":"sensor-de-oxigeno","status":"publish","type":"product","link":"https:\/\/dev.cautex.com\/is-lm\/producto\/sensor-de-oxigeno\/","title":{"rendered":"SENSOR DE OX\u00cdGENO"},"content":{"rendered":"<p>El sensor de ox\u00edgeno mide la relaci\u00f3n entre el ox\u00edgeno y el combustible de la mezcla inyectada. Una mezcla rica (poco ox\u00edgeno en el gas de escape) activar\u00e1 la unidad de control para que empobrezca la mezcla reduciendo la cantidad inyectada. Una mezcla pobre (mucho ox\u00edgeno en el gas de escape) activar\u00e1 la unidad de control para que enriquezca la mezcla aumentando la cantidad inyectada.<\/p>\n","protected":false},"excerpt":{"rendered":"<p>El sensor de ox\u00edgeno mide la relaci\u00f3n entre el ox\u00edgeno y el combustible de la mezcla inyectada. Una mezcla rica (poco ox\u00edgeno en el gas de escape) activar\u00e1 la unidad de control para que empobrezca la mezcla reduciendo la cantidad inyectada. Una mezcla pobre (mucho ox\u00edgeno en el gas de escape) activar\u00e1 la unidad de [&hellip;]<\/p>\n","protected":false},"featured_media":3056,"comment_status":"open","ping_status":"closed","template":"","meta":[],"product_cat":[719,706],"product_tag":[],"_links":{"self":[{"href":"https:\/\/dev.cautex.com\/is-lm\/wp-json\/wp\/v2\/product\/3476"}],"collection":[{"href":"https:\/\/dev.cautex.com\/is-lm\/wp-json\/wp\/v2\/product"}],"about":[{"href":"https:\/\/dev.cautex.com\/is-lm\/wp-json\/wp\/v2\/types\/product"}],"replies":[{"embeddable":true,"href":"https:\/\/dev.cautex.com\/is-lm\/wp-json\/wp\/v2\/comments?post=3476"}],"wp:featuredmedia":[{"embeddable":true,"href":"https:\/\/dev.cautex.com\/is-lm\/wp-json\/wp\/v2\/media\/3056"}],"wp:attachment":[{"href":"https:\/\/dev.cautex.com\/is-lm\/wp-json\/wp\/v2\/media?parent=3476"}],"wp:term":[{"taxonomy":"product_cat","embeddable":true,"href":"https:\/\/dev.cautex.com\/is-lm\/wp-json\/wp\/v2\/product_cat?post=3476"},{"taxonomy":"product_tag","embeddable":true,"href":"https:\/\/dev.cautex.com\/is-lm\/wp-json\/wp\/v2\/product_tag?post=3476"}],"curies":[{"name":"wp","href":"https:\/\/api.w.org\/{rel}","templated":true}]}}