{"id":3475,"date":"2022-07-12T07:52:40","date_gmt":"2022-07-12T07:52:40","guid":{"rendered":"https:\/\/www.cautex.com\/producto\/rele"},"modified":"2022-07-12T07:52:40","modified_gmt":"2022-07-12T07:52:40","slug":"rele","status":"publish","type":"product","link":"https:\/\/dev.cautex.com\/is-lm\/producto\/rele\/","title":{"rendered":"REL\u00c9"},"content":{"rendered":"<p>Un rel\u00e9 es esencialmente un interruptor que funciona el\u00e9ctricamente en lugar de mec\u00e1nicamente. Existen varios dise\u00f1os de rel\u00e9s, pero los m\u00e1s comunes son los electromec\u00e1nicos, que funcionan activando un electroim\u00e1n para tirar de un conjunto de contactos para abrir o cerrar un circuito.<\/p>\n","protected":false},"excerpt":{"rendered":"<p>Un rel\u00e9 es esencialmente un interruptor que funciona el\u00e9ctricamente en lugar de mec\u00e1nicamente. Existen varios dise\u00f1os de rel\u00e9s, pero los m\u00e1s comunes son los electromec\u00e1nicos, que funcionan activando un electroim\u00e1n para tirar de un conjunto de contactos para abrir o cerrar un circuito.<\/p>\n","protected":false},"featured_media":3959,"comment_status":"open","ping_status":"closed","template":"","meta":[],"product_cat":[718,706],"product_tag":[],"_links":{"self":[{"href":"https:\/\/dev.cautex.com\/is-lm\/wp-json\/wp\/v2\/product\/3475"}],"collection":[{"href":"https:\/\/dev.cautex.com\/is-lm\/wp-json\/wp\/v2\/product"}],"about":[{"href":"https:\/\/dev.cautex.com\/is-lm\/wp-json\/wp\/v2\/types\/product"}],"replies":[{"embeddable":true,"href":"https:\/\/dev.cautex.com\/is-lm\/wp-json\/wp\/v2\/comments?post=3475"}],"wp:featuredmedia":[{"embeddable":true,"href":"https:\/\/dev.cautex.com\/is-lm\/wp-json\/wp\/v2\/media\/3959"}],"wp:attachment":[{"href":"https:\/\/dev.cautex.com\/is-lm\/wp-json\/wp\/v2\/media?parent=3475"}],"wp:term":[{"taxonomy":"product_cat","embeddable":true,"href":"https:\/\/dev.cautex.com\/is-lm\/wp-json\/wp\/v2\/product_cat?post=3475"},{"taxonomy":"product_tag","embeddable":true,"href":"https:\/\/dev.cautex.com\/is-lm\/wp-json\/wp\/v2\/product_tag?post=3475"}],"curies":[{"name":"wp","href":"https:\/\/api.w.org\/{rel}","templated":true}]}}