{"id":3474,"date":"2022-07-12T07:53:29","date_gmt":"2022-07-12T07:53:29","guid":{"rendered":"https:\/\/www.cautex.com\/producto\/conmutadores"},"modified":"2022-07-12T07:53:29","modified_gmt":"2022-07-12T07:53:29","slug":"conmutadores","status":"publish","type":"product","link":"https:\/\/dev.cautex.com\/is-lm\/producto\/conmutadores\/","title":{"rendered":"CONMUTADORES"},"content":{"rendered":"<p>El conmutador en el autom\u00f3vil es un dispositivo capaz de modificar las conexiones de dos o m\u00e1s circuitos el\u00e9ctricos. Generalmente el cambio de las conexiones se efect\u00faa girando o desplazando un contactor, elemento que establece o interrumpe la conexi\u00f3n con los contactos fijos.<\/p>\n<p>&nbsp;<\/p>\n","protected":false},"excerpt":{"rendered":"<p>El conmutador en el autom\u00f3vil es un dispositivo capaz de modificar las conexiones de dos o m\u00e1s circuitos el\u00e9ctricos. Generalmente el cambio de las conexiones se efect\u00faa girando o desplazando un contactor, elemento que establece o interrumpe la conexi\u00f3n con los contactos fijos. &nbsp;<\/p>\n","protected":false},"featured_media":3964,"comment_status":"open","ping_status":"closed","template":"","meta":[],"product_cat":[715,706],"product_tag":[],"_links":{"self":[{"href":"https:\/\/dev.cautex.com\/is-lm\/wp-json\/wp\/v2\/product\/3474"}],"collection":[{"href":"https:\/\/dev.cautex.com\/is-lm\/wp-json\/wp\/v2\/product"}],"about":[{"href":"https:\/\/dev.cautex.com\/is-lm\/wp-json\/wp\/v2\/types\/product"}],"replies":[{"embeddable":true,"href":"https:\/\/dev.cautex.com\/is-lm\/wp-json\/wp\/v2\/comments?post=3474"}],"wp:featuredmedia":[{"embeddable":true,"href":"https:\/\/dev.cautex.com\/is-lm\/wp-json\/wp\/v2\/media\/3964"}],"wp:attachment":[{"href":"https:\/\/dev.cautex.com\/is-lm\/wp-json\/wp\/v2\/media?parent=3474"}],"wp:term":[{"taxonomy":"product_cat","embeddable":true,"href":"https:\/\/dev.cautex.com\/is-lm\/wp-json\/wp\/v2\/product_cat?post=3474"},{"taxonomy":"product_tag","embeddable":true,"href":"https:\/\/dev.cautex.com\/is-lm\/wp-json\/wp\/v2\/product_tag?post=3474"}],"curies":[{"name":"wp","href":"https:\/\/api.w.org\/{rel}","templated":true}]}}