{"id":3473,"date":"2022-07-12T07:54:19","date_gmt":"2022-07-12T07:54:19","guid":{"rendered":"https:\/\/www.cautex.com\/producto\/suspension-neumatica"},"modified":"2022-07-12T07:54:19","modified_gmt":"2022-07-12T07:54:19","slug":"suspension-neumatica","status":"publish","type":"product","link":"https:\/\/dev.cautex.com\/is-lm\/producto\/suspension-neumatica\/","title":{"rendered":"SUSPENSI\u00d3N NEUM\u00c1TICA"},"content":{"rendered":"<p>Las suspensiones son unos de los elementos m\u00e1s importantes de un veh\u00edculo, ya que junto con los neum\u00e1ticos y los frenos forman parte del denominado tri\u00e1ngulo de seguridad. Poco a poco, esta nueva evoluci\u00f3n de la suspensi\u00f3n va ganando terreno frente a la convencional, sobre todo en coches de gama alta. Suministramos la misma calidad del primer equipo en el mercado aftermarket pero a un mejor precio, y el cliente siempre recibe un completo manual de instrucciones para su instalaci\u00f3n.<\/p>\n","protected":false},"excerpt":{"rendered":"<p>Las suspensiones son unos de los elementos m\u00e1s importantes de un veh\u00edculo, ya que junto con los neum\u00e1ticos y los frenos forman parte del denominado tri\u00e1ngulo de seguridad. Poco a poco, esta nueva evoluci\u00f3n de la suspensi\u00f3n va ganando terreno frente a la convencional, sobre todo en coches de gama alta. Suministramos la misma calidad [&hellip;]<\/p>\n","protected":false},"featured_media":3699,"comment_status":"open","ping_status":"closed","template":"","meta":[],"product_cat":[722],"product_tag":[],"_links":{"self":[{"href":"https:\/\/dev.cautex.com\/is-lm\/wp-json\/wp\/v2\/product\/3473"}],"collection":[{"href":"https:\/\/dev.cautex.com\/is-lm\/wp-json\/wp\/v2\/product"}],"about":[{"href":"https:\/\/dev.cautex.com\/is-lm\/wp-json\/wp\/v2\/types\/product"}],"replies":[{"embeddable":true,"href":"https:\/\/dev.cautex.com\/is-lm\/wp-json\/wp\/v2\/comments?post=3473"}],"wp:featuredmedia":[{"embeddable":true,"href":"https:\/\/dev.cautex.com\/is-lm\/wp-json\/wp\/v2\/media\/3699"}],"wp:attachment":[{"href":"https:\/\/dev.cautex.com\/is-lm\/wp-json\/wp\/v2\/media?parent=3473"}],"wp:term":[{"taxonomy":"product_cat","embeddable":true,"href":"https:\/\/dev.cautex.com\/is-lm\/wp-json\/wp\/v2\/product_cat?post=3473"},{"taxonomy":"product_tag","embeddable":true,"href":"https:\/\/dev.cautex.com\/is-lm\/wp-json\/wp\/v2\/product_tag?post=3473"}],"curies":[{"name":"wp","href":"https:\/\/api.w.org\/{rel}","templated":true}]}}