{"id":3469,"date":"2022-07-01T07:47:59","date_gmt":"2022-07-01T07:47:59","guid":{"rendered":"https:\/\/www.cautex.com\/producto\/cerraduras"},"modified":"2022-07-01T07:47:59","modified_gmt":"2022-07-01T07:47:59","slug":"cerraduras","status":"publish","type":"product","link":"https:\/\/dev.cautex.com\/is-lm\/producto\/cerraduras\/","title":{"rendered":"CERRADURAS"},"content":{"rendered":"<p>Aunque la mayor\u00eda de los veh\u00edculos actuales est\u00e1n equipados de un sistema de cierre centralizado, a\u00fan contamos con cerraduras en caso de un fallo del sistema electr\u00f3nico. Por ello a\u00fan encontramos cerraduras en las puertas, en el maletero y en el bloqueo de la cerradura de la direcci\u00f3n. Cautex dispone de una gama espec\u00edfica para diferentes cerraduras en caso de fallo del sistema el\u00e9ctrico, adem\u00e1s de diferentes cerraduras para ciertos veh\u00edculos antiguos.<\/p>\n","protected":false},"excerpt":{"rendered":"<p>Aunque la mayor\u00eda de los veh\u00edculos actuales est\u00e1n equipados de un sistema de cierre centralizado, a\u00fan contamos con cerraduras en caso de un fallo del sistema electr\u00f3nico. Por ello a\u00fan encontramos cerraduras en las puertas, en el maletero y en el bloqueo de la cerradura de la direcci\u00f3n. Cautex dispone de una gama espec\u00edfica para [&hellip;]<\/p>\n","protected":false},"featured_media":3470,"comment_status":"open","ping_status":"closed","template":"","meta":[],"product_cat":[661],"product_tag":[],"_links":{"self":[{"href":"https:\/\/dev.cautex.com\/is-lm\/wp-json\/wp\/v2\/product\/3469"}],"collection":[{"href":"https:\/\/dev.cautex.com\/is-lm\/wp-json\/wp\/v2\/product"}],"about":[{"href":"https:\/\/dev.cautex.com\/is-lm\/wp-json\/wp\/v2\/types\/product"}],"replies":[{"embeddable":true,"href":"https:\/\/dev.cautex.com\/is-lm\/wp-json\/wp\/v2\/comments?post=3469"}],"wp:featuredmedia":[{"embeddable":true,"href":"https:\/\/dev.cautex.com\/is-lm\/wp-json\/wp\/v2\/media\/3470"}],"wp:attachment":[{"href":"https:\/\/dev.cautex.com\/is-lm\/wp-json\/wp\/v2\/media?parent=3469"}],"wp:term":[{"taxonomy":"product_cat","embeddable":true,"href":"https:\/\/dev.cautex.com\/is-lm\/wp-json\/wp\/v2\/product_cat?post=3469"},{"taxonomy":"product_tag","embeddable":true,"href":"https:\/\/dev.cautex.com\/is-lm\/wp-json\/wp\/v2\/product_tag?post=3469"}],"curies":[{"name":"wp","href":"https:\/\/api.w.org\/{rel}","templated":true}]}}