{"id":3467,"date":"2022-07-01T07:56:36","date_gmt":"2022-07-01T07:56:36","guid":{"rendered":"https:\/\/www.cautex.com\/producto\/poleas-de-alternador"},"modified":"2022-07-01T07:56:36","modified_gmt":"2022-07-01T07:56:36","slug":"poleas-de-alternador","status":"publish","type":"product","link":"https:\/\/dev.cautex.com\/is-lm\/producto\/poleas-de-alternador\/","title":{"rendered":"POLEAS DE ALTERNADOR"},"content":{"rendered":"<p>Gama espec\u00edfica de poleas de alternador, con dise\u00f1o y caracter\u00edsticas t\u00e9cnicas especificadas por la marca para cada uno de sus diferentes modelos de autom\u00f3viles, que aseguran la correcta transmisi\u00f3n de energ\u00eda el\u00e9ctrica que necessitan los accesorios adicionales.<\/p>\n","protected":false},"excerpt":{"rendered":"<p>Gama espec\u00edfica de poleas de alternador, con dise\u00f1o y caracter\u00edsticas t\u00e9cnicas especificadas por la marca para cada uno de sus diferentes modelos de autom\u00f3viles, que aseguran la correcta transmisi\u00f3n de energ\u00eda el\u00e9ctrica que necessitan los accesorios adicionales.<\/p>\n","protected":false},"featured_media":3468,"comment_status":"open","ping_status":"closed","template":"","meta":[],"product_cat":[676,677],"product_tag":[53],"_links":{"self":[{"href":"https:\/\/dev.cautex.com\/is-lm\/wp-json\/wp\/v2\/product\/3467"}],"collection":[{"href":"https:\/\/dev.cautex.com\/is-lm\/wp-json\/wp\/v2\/product"}],"about":[{"href":"https:\/\/dev.cautex.com\/is-lm\/wp-json\/wp\/v2\/types\/product"}],"replies":[{"embeddable":true,"href":"https:\/\/dev.cautex.com\/is-lm\/wp-json\/wp\/v2\/comments?post=3467"}],"wp:featuredmedia":[{"embeddable":true,"href":"https:\/\/dev.cautex.com\/is-lm\/wp-json\/wp\/v2\/media\/3468"}],"wp:attachment":[{"href":"https:\/\/dev.cautex.com\/is-lm\/wp-json\/wp\/v2\/media?parent=3467"}],"wp:term":[{"taxonomy":"product_cat","embeddable":true,"href":"https:\/\/dev.cautex.com\/is-lm\/wp-json\/wp\/v2\/product_cat?post=3467"},{"taxonomy":"product_tag","embeddable":true,"href":"https:\/\/dev.cautex.com\/is-lm\/wp-json\/wp\/v2\/product_tag?post=3467"}],"curies":[{"name":"wp","href":"https:\/\/api.w.org\/{rel}","templated":true}]}}