{"id":3463,"date":"2022-07-01T10:16:13","date_gmt":"2022-07-01T10:16:13","guid":{"rendered":"https:\/\/www.cautex.com\/producto\/alfombras-y-faldones"},"modified":"2022-07-01T10:16:13","modified_gmt":"2022-07-01T10:16:13","slug":"alfombras-y-faldones","status":"publish","type":"product","link":"https:\/\/dev.cautex.com\/is-lm\/producto\/alfombras-y-faldones\/","title":{"rendered":"ALFOMBRAS Y FALDONES"},"content":{"rendered":"<p>Nuestros faldones de rueda y aletas salvabarros cumplen la normativa del sistema antiproyecci\u00f3n (conforme I.T.V.) y est\u00e1n homologados seg\u00fan normas de la C.E.E. Disponemos de varios modelos de alfombras universales para autom\u00f3viles fabricadas en caucho de alta calidad, con gran resistencia y durabilidad.<\/p>\n","protected":false},"excerpt":{"rendered":"<p>Nuestros faldones de rueda y aletas salvabarros cumplen la normativa del sistema antiproyecci\u00f3n (conforme I.T.V.) y est\u00e1n homologados seg\u00fan normas de la C.E.E. Disponemos de varios modelos de alfombras universales para autom\u00f3viles fabricadas en caucho de alta calidad, con gran resistencia y durabilidad.<\/p>\n","protected":false},"featured_media":3464,"comment_status":"open","ping_status":"closed","template":"","meta":[],"product_cat":[627],"product_tag":[147],"_links":{"self":[{"href":"https:\/\/dev.cautex.com\/is-lm\/wp-json\/wp\/v2\/product\/3463"}],"collection":[{"href":"https:\/\/dev.cautex.com\/is-lm\/wp-json\/wp\/v2\/product"}],"about":[{"href":"https:\/\/dev.cautex.com\/is-lm\/wp-json\/wp\/v2\/types\/product"}],"replies":[{"embeddable":true,"href":"https:\/\/dev.cautex.com\/is-lm\/wp-json\/wp\/v2\/comments?post=3463"}],"wp:featuredmedia":[{"embeddable":true,"href":"https:\/\/dev.cautex.com\/is-lm\/wp-json\/wp\/v2\/media\/3464"}],"wp:attachment":[{"href":"https:\/\/dev.cautex.com\/is-lm\/wp-json\/wp\/v2\/media?parent=3463"}],"wp:term":[{"taxonomy":"product_cat","embeddable":true,"href":"https:\/\/dev.cautex.com\/is-lm\/wp-json\/wp\/v2\/product_cat?post=3463"},{"taxonomy":"product_tag","embeddable":true,"href":"https:\/\/dev.cautex.com\/is-lm\/wp-json\/wp\/v2\/product_tag?post=3463"}],"curies":[{"name":"wp","href":"https:\/\/api.w.org\/{rel}","templated":true}]}}