{"id":3457,"date":"2022-07-01T10:36:54","date_gmt":"2022-07-01T10:36:54","guid":{"rendered":"https:\/\/www.cautex.com\/producto\/tubos-de-silicona"},"modified":"2022-07-01T10:36:54","modified_gmt":"2022-07-01T10:36:54","slug":"tubos-de-silicona","status":"publish","type":"product","link":"https:\/\/dev.cautex.com\/is-lm\/producto\/tubos-de-silicona\/","title":{"rendered":"TUBOS DE SILICONA"},"content":{"rendered":"<p>Productos ideales para veh\u00edculos industriales por sus especiales caracter\u00edsticas de resistencia a la temperatura y altas presiones. Disponemos de tres gamas: Tubos acodados con refuerzo textil intermedio, tubos para sistemas de refrigeraci\u00f3n y calefacci\u00f3n con tres l\u00e1minas de poli\u00e9ster, y tubos flexibles con refuerzo textil y alambre interiores.<\/p>\n","protected":false},"excerpt":{"rendered":"<p>Productos ideales para veh\u00edculos industriales por sus especiales caracter\u00edsticas de resistencia a la temperatura y altas presiones. Disponemos de tres gamas: Tubos acodados con refuerzo textil intermedio, tubos para sistemas de refrigeraci\u00f3n y calefacci\u00f3n con tres l\u00e1minas de poli\u00e9ster, y tubos flexibles con refuerzo textil y alambre interiores.<\/p>\n","protected":false},"featured_media":3458,"comment_status":"open","ping_status":"closed","template":"","meta":[],"product_cat":[701,694],"product_tag":[150],"_links":{"self":[{"href":"https:\/\/dev.cautex.com\/is-lm\/wp-json\/wp\/v2\/product\/3457"}],"collection":[{"href":"https:\/\/dev.cautex.com\/is-lm\/wp-json\/wp\/v2\/product"}],"about":[{"href":"https:\/\/dev.cautex.com\/is-lm\/wp-json\/wp\/v2\/types\/product"}],"replies":[{"embeddable":true,"href":"https:\/\/dev.cautex.com\/is-lm\/wp-json\/wp\/v2\/comments?post=3457"}],"wp:featuredmedia":[{"embeddable":true,"href":"https:\/\/dev.cautex.com\/is-lm\/wp-json\/wp\/v2\/media\/3458"}],"wp:attachment":[{"href":"https:\/\/dev.cautex.com\/is-lm\/wp-json\/wp\/v2\/media?parent=3457"}],"wp:term":[{"taxonomy":"product_cat","embeddable":true,"href":"https:\/\/dev.cautex.com\/is-lm\/wp-json\/wp\/v2\/product_cat?post=3457"},{"taxonomy":"product_tag","embeddable":true,"href":"https:\/\/dev.cautex.com\/is-lm\/wp-json\/wp\/v2\/product_tag?post=3457"}],"curies":[{"name":"wp","href":"https:\/\/api.w.org\/{rel}","templated":true}]}}