{"id":3453,"date":"2022-07-01T10:40:45","date_gmt":"2022-07-01T10:40:45","guid":{"rendered":"https:\/\/www.cautex.com\/producto\/tubos-de-turbo"},"modified":"2022-07-01T10:40:45","modified_gmt":"2022-07-01T10:40:45","slug":"tubos-de-turbo","status":"publish","type":"product","link":"https:\/\/dev.cautex.com\/is-lm\/producto\/tubos-de-turbo\/","title":{"rendered":"TUBOS DE TURBO"},"content":{"rendered":"<p>Selecci\u00f3n de tubos de turbo, que, gracias al know-how de la compa\u00f1\u00eda , permite utilizar caucho tipo AEM como capa externa y una capa interna de FKM acompa\u00f1adas con un refuerzo de fibras de poli\u00e9ster, que es el mismo que el utilizado por los fabricantes para producir los tubos originales.<\/p>\n","protected":false},"excerpt":{"rendered":"<p>Selecci\u00f3n de tubos de turbo, que, gracias al know-how de la compa\u00f1\u00eda , permite utilizar caucho tipo AEM como capa externa y una capa interna de FKM acompa\u00f1adas con un refuerzo de fibras de poli\u00e9ster, que es el mismo que el utilizado por los fabricantes para producir los tubos originales.<\/p>\n","protected":false},"featured_media":3454,"comment_status":"open","ping_status":"closed","template":"","meta":[],"product_cat":[702,694],"product_tag":[152],"_links":{"self":[{"href":"https:\/\/dev.cautex.com\/is-lm\/wp-json\/wp\/v2\/product\/3453"}],"collection":[{"href":"https:\/\/dev.cautex.com\/is-lm\/wp-json\/wp\/v2\/product"}],"about":[{"href":"https:\/\/dev.cautex.com\/is-lm\/wp-json\/wp\/v2\/types\/product"}],"replies":[{"embeddable":true,"href":"https:\/\/dev.cautex.com\/is-lm\/wp-json\/wp\/v2\/comments?post=3453"}],"wp:featuredmedia":[{"embeddable":true,"href":"https:\/\/dev.cautex.com\/is-lm\/wp-json\/wp\/v2\/media\/3454"}],"wp:attachment":[{"href":"https:\/\/dev.cautex.com\/is-lm\/wp-json\/wp\/v2\/media?parent=3453"}],"wp:term":[{"taxonomy":"product_cat","embeddable":true,"href":"https:\/\/dev.cautex.com\/is-lm\/wp-json\/wp\/v2\/product_cat?post=3453"},{"taxonomy":"product_tag","embeddable":true,"href":"https:\/\/dev.cautex.com\/is-lm\/wp-json\/wp\/v2\/product_tag?post=3453"}],"curies":[{"name":"wp","href":"https:\/\/api.w.org\/{rel}","templated":true}]}}