{"id":3451,"date":"2022-07-01T10:44:52","date_gmt":"2022-07-01T10:44:52","guid":{"rendered":"https:\/\/www.cautex.com\/producto\/tubos-flexibles-y-mangueras"},"modified":"2022-07-01T10:44:52","modified_gmt":"2022-07-01T10:44:52","slug":"tubos-flexibles-y-mangueras","status":"publish","type":"product","link":"https:\/\/dev.cautex.com\/is-lm\/producto\/tubos-flexibles-y-mangueras\/","title":{"rendered":"TUBOS FLEXIBLES Y MANGUERAS"},"content":{"rendered":"<p>Contamos con dos gamas de estos productos: tubos flexibles para conducci\u00f3n de aire y agua, con alambre intermedio; y manguera de circulaci\u00f3n de agua, para la impulsi\u00f3n y aspiraci\u00f3n de agua, para ser utilizada en motores de autom\u00f3viles, camiones, tractores, grupos electr\u00f3genos, etc.<\/p>\n","protected":false},"excerpt":{"rendered":"<p>Contamos con dos gamas de estos productos: tubos flexibles para conducci\u00f3n de aire y agua, con alambre intermedio; y manguera de circulaci\u00f3n de agua, para la impulsi\u00f3n y aspiraci\u00f3n de agua, para ser utilizada en motores de autom\u00f3viles, camiones, tractores, grupos electr\u00f3genos, etc.<\/p>\n","protected":false},"featured_media":3452,"comment_status":"open","ping_status":"closed","template":"","meta":[],"product_cat":[703,694],"product_tag":[153],"_links":{"self":[{"href":"https:\/\/dev.cautex.com\/is-lm\/wp-json\/wp\/v2\/product\/3451"}],"collection":[{"href":"https:\/\/dev.cautex.com\/is-lm\/wp-json\/wp\/v2\/product"}],"about":[{"href":"https:\/\/dev.cautex.com\/is-lm\/wp-json\/wp\/v2\/types\/product"}],"replies":[{"embeddable":true,"href":"https:\/\/dev.cautex.com\/is-lm\/wp-json\/wp\/v2\/comments?post=3451"}],"wp:featuredmedia":[{"embeddable":true,"href":"https:\/\/dev.cautex.com\/is-lm\/wp-json\/wp\/v2\/media\/3452"}],"wp:attachment":[{"href":"https:\/\/dev.cautex.com\/is-lm\/wp-json\/wp\/v2\/media?parent=3451"}],"wp:term":[{"taxonomy":"product_cat","embeddable":true,"href":"https:\/\/dev.cautex.com\/is-lm\/wp-json\/wp\/v2\/product_cat?post=3451"},{"taxonomy":"product_tag","embeddable":true,"href":"https:\/\/dev.cautex.com\/is-lm\/wp-json\/wp\/v2\/product_tag?post=3451"}],"curies":[{"name":"wp","href":"https:\/\/api.w.org\/{rel}","templated":true}]}}