{"id":3449,"date":"2022-07-01T10:46:59","date_gmt":"2022-07-01T10:46:59","guid":{"rendered":"https:\/\/www.cautex.com\/producto\/tubos-de-escape"},"modified":"2022-07-01T10:46:59","modified_gmt":"2022-07-01T10:46:59","slug":"tubos-de-escape","status":"publish","type":"product","link":"https:\/\/dev.cautex.com\/is-lm\/producto\/tubos-de-escape\/","title":{"rendered":"TUBOS DE ESCAPE"},"content":{"rendered":"<p>Tubos flexibles met\u00e1licos (sin amianto), construidos en fleje de acero especial para tubos de escape de motores de explosi\u00f3n, calefacci\u00f3n, conducci\u00f3n de aire, gases fr\u00edos y calientes, y otros usos industriales.<\/p>\n","protected":false},"excerpt":{"rendered":"<p>Tubos flexibles met\u00e1licos (sin amianto), construidos en fleje de acero especial para tubos de escape de motores de explosi\u00f3n, calefacci\u00f3n, conducci\u00f3n de aire, gases fr\u00edos y calientes, y otros usos industriales.<\/p>\n","protected":false},"featured_media":3450,"comment_status":"open","ping_status":"closed","template":"","meta":[],"product_cat":[699,694],"product_tag":[154],"_links":{"self":[{"href":"https:\/\/dev.cautex.com\/is-lm\/wp-json\/wp\/v2\/product\/3449"}],"collection":[{"href":"https:\/\/dev.cautex.com\/is-lm\/wp-json\/wp\/v2\/product"}],"about":[{"href":"https:\/\/dev.cautex.com\/is-lm\/wp-json\/wp\/v2\/types\/product"}],"replies":[{"embeddable":true,"href":"https:\/\/dev.cautex.com\/is-lm\/wp-json\/wp\/v2\/comments?post=3449"}],"wp:featuredmedia":[{"embeddable":true,"href":"https:\/\/dev.cautex.com\/is-lm\/wp-json\/wp\/v2\/media\/3450"}],"wp:attachment":[{"href":"https:\/\/dev.cautex.com\/is-lm\/wp-json\/wp\/v2\/media?parent=3449"}],"wp:term":[{"taxonomy":"product_cat","embeddable":true,"href":"https:\/\/dev.cautex.com\/is-lm\/wp-json\/wp\/v2\/product_cat?post=3449"},{"taxonomy":"product_tag","embeddable":true,"href":"https:\/\/dev.cautex.com\/is-lm\/wp-json\/wp\/v2\/product_tag?post=3449"}],"curies":[{"name":"wp","href":"https:\/\/api.w.org\/{rel}","templated":true}]}}