{"id":3447,"date":"2022-07-01T10:50:30","date_gmt":"2022-07-01T10:50:30","guid":{"rendered":"https:\/\/www.cautex.com\/producto\/manguitos-de-radiador"},"modified":"2022-07-01T10:50:30","modified_gmt":"2022-07-01T10:50:30","slug":"manguitos-de-radiador","status":"publish","type":"product","link":"https:\/\/dev.cautex.com\/is-lm\/producto\/manguitos-de-radiador\/","title":{"rendered":"MANGUITOS DE RADIADOR"},"content":{"rendered":"<p>Proporcionamos tubos en caucho, espec\u00edficos para la circulaci\u00f3n de agua del circuito de refrigeraci\u00f3n del autom\u00f3vil. Su dise\u00f1o y caracter\u00edsiticas t\u00e9cnicas se adaptan a las especificaciones de las marcas para cada uno de sus diferentes modelos de autom\u00f3viles.<\/p>\n","protected":false},"excerpt":{"rendered":"<p>Proporcionamos tubos en caucho, espec\u00edficos para la circulaci\u00f3n de agua del circuito de refrigeraci\u00f3n del autom\u00f3vil. Su dise\u00f1o y caracter\u00edsiticas t\u00e9cnicas se adaptan a las especificaciones de las marcas para cada uno de sus diferentes modelos de autom\u00f3viles.<\/p>\n","protected":false},"featured_media":3448,"comment_status":"open","ping_status":"closed","template":"","meta":[],"product_cat":[695,694],"product_tag":[155],"_links":{"self":[{"href":"https:\/\/dev.cautex.com\/is-lm\/wp-json\/wp\/v2\/product\/3447"}],"collection":[{"href":"https:\/\/dev.cautex.com\/is-lm\/wp-json\/wp\/v2\/product"}],"about":[{"href":"https:\/\/dev.cautex.com\/is-lm\/wp-json\/wp\/v2\/types\/product"}],"replies":[{"embeddable":true,"href":"https:\/\/dev.cautex.com\/is-lm\/wp-json\/wp\/v2\/comments?post=3447"}],"wp:featuredmedia":[{"embeddable":true,"href":"https:\/\/dev.cautex.com\/is-lm\/wp-json\/wp\/v2\/media\/3448"}],"wp:attachment":[{"href":"https:\/\/dev.cautex.com\/is-lm\/wp-json\/wp\/v2\/media?parent=3447"}],"wp:term":[{"taxonomy":"product_cat","embeddable":true,"href":"https:\/\/dev.cautex.com\/is-lm\/wp-json\/wp\/v2\/product_cat?post=3447"},{"taxonomy":"product_tag","embeddable":true,"href":"https:\/\/dev.cautex.com\/is-lm\/wp-json\/wp\/v2\/product_tag?post=3447"}],"curies":[{"name":"wp","href":"https:\/\/api.w.org\/{rel}","templated":true}]}}