{"id":3445,"date":"2022-07-01T10:52:06","date_gmt":"2022-07-01T10:52:06","guid":{"rendered":"https:\/\/www.cautex.com\/producto\/manguitos-varios"},"modified":"2022-07-01T10:52:06","modified_gmt":"2022-07-01T10:52:06","slug":"manguitos-varios","status":"publish","type":"product","link":"https:\/\/dev.cautex.com\/is-lm\/producto\/manguitos-varios\/","title":{"rendered":"MANGUITOS VARIOS"},"content":{"rendered":"<p>Selecci\u00f3n de manguitos destinados a cubrir las necesidades de todo el parque automovil\u00edsitco para la circulaci\u00f3n de distintos fluidos y aplicaciones: aceite, agua, calefactor, intercambiador, radiador, termostato, colector, desvaporizador&#8230;<\/p>\n","protected":false},"excerpt":{"rendered":"<p>Selecci\u00f3n de manguitos destinados a cubrir las necesidades de todo el parque automovil\u00edsitco para la circulaci\u00f3n de distintos fluidos y aplicaciones: aceite, agua, calefactor, intercambiador, radiador, termostato, colector, desvaporizador&#8230;<\/p>\n","protected":false},"featured_media":3446,"comment_status":"open","ping_status":"closed","template":"","meta":[],"product_cat":[696,694],"product_tag":[156],"_links":{"self":[{"href":"https:\/\/dev.cautex.com\/is-lm\/wp-json\/wp\/v2\/product\/3445"}],"collection":[{"href":"https:\/\/dev.cautex.com\/is-lm\/wp-json\/wp\/v2\/product"}],"about":[{"href":"https:\/\/dev.cautex.com\/is-lm\/wp-json\/wp\/v2\/types\/product"}],"replies":[{"embeddable":true,"href":"https:\/\/dev.cautex.com\/is-lm\/wp-json\/wp\/v2\/comments?post=3445"}],"wp:featuredmedia":[{"embeddable":true,"href":"https:\/\/dev.cautex.com\/is-lm\/wp-json\/wp\/v2\/media\/3446"}],"wp:attachment":[{"href":"https:\/\/dev.cautex.com\/is-lm\/wp-json\/wp\/v2\/media?parent=3445"}],"wp:term":[{"taxonomy":"product_cat","embeddable":true,"href":"https:\/\/dev.cautex.com\/is-lm\/wp-json\/wp\/v2\/product_cat?post=3445"},{"taxonomy":"product_tag","embeddable":true,"href":"https:\/\/dev.cautex.com\/is-lm\/wp-json\/wp\/v2\/product_tag?post=3445"}],"curies":[{"name":"wp","href":"https:\/\/api.w.org\/{rel}","templated":true}]}}