{"id":3443,"date":"2022-07-01T10:53:44","date_gmt":"2022-07-01T10:53:44","guid":{"rendered":"https:\/\/www.cautex.com\/producto\/tubos-metalicos"},"modified":"2022-07-01T10:53:44","modified_gmt":"2022-07-01T10:53:44","slug":"tubos-metalicos","status":"publish","type":"product","link":"https:\/\/dev.cautex.com\/is-lm\/producto\/tubos-metalicos\/","title":{"rendered":"TUBOS MET\u00c1LICOS"},"content":{"rendered":"<p>Tubos met\u00e1licos para las principales marcas del sector de automoci\u00f3n.<\/p>\n","protected":false},"excerpt":{"rendered":"<p>Tubos met\u00e1licos para las principales marcas del sector de automoci\u00f3n.<\/p>\n","protected":false},"featured_media":3444,"comment_status":"open","ping_status":"closed","template":"","meta":[],"product_cat":[704,694],"product_tag":[157],"_links":{"self":[{"href":"https:\/\/dev.cautex.com\/is-lm\/wp-json\/wp\/v2\/product\/3443"}],"collection":[{"href":"https:\/\/dev.cautex.com\/is-lm\/wp-json\/wp\/v2\/product"}],"about":[{"href":"https:\/\/dev.cautex.com\/is-lm\/wp-json\/wp\/v2\/types\/product"}],"replies":[{"embeddable":true,"href":"https:\/\/dev.cautex.com\/is-lm\/wp-json\/wp\/v2\/comments?post=3443"}],"wp:featuredmedia":[{"embeddable":true,"href":"https:\/\/dev.cautex.com\/is-lm\/wp-json\/wp\/v2\/media\/3444"}],"wp:attachment":[{"href":"https:\/\/dev.cautex.com\/is-lm\/wp-json\/wp\/v2\/media?parent=3443"}],"wp:term":[{"taxonomy":"product_cat","embeddable":true,"href":"https:\/\/dev.cautex.com\/is-lm\/wp-json\/wp\/v2\/product_cat?post=3443"},{"taxonomy":"product_tag","embeddable":true,"href":"https:\/\/dev.cautex.com\/is-lm\/wp-json\/wp\/v2\/product_tag?post=3443"}],"curies":[{"name":"wp","href":"https:\/\/api.w.org\/{rel}","templated":true}]}}