{"id":3439,"date":"2022-07-01T10:58:39","date_gmt":"2022-07-01T10:58:39","guid":{"rendered":"https:\/\/www.cautex.com\/producto\/soportes-y-topes-amortiguador"},"modified":"2022-07-01T10:58:39","modified_gmt":"2022-07-01T10:58:39","slug":"soportes-y-topes-amortiguador","status":"publish","type":"product","link":"https:\/\/dev.cautex.com\/is-lm\/producto\/soportes-y-topes-amortiguador\/","title":{"rendered":"SOPORTES Y TOPES AMORTIGUADOR"},"content":{"rendered":"<p>Conjunto de soportes y topes de suspensi\u00f3n que aseguran la continuidad de la suspensi\u00f3n y evitan su detenci\u00f3n, frenando una compresi\u00f3n excesiva de dicho sistema. Adem\u00e1s, estos topes evitan un contacto brusco entre partes como el brazo de suspensi\u00f3n y la carrocer\u00eda.<\/p>\n","protected":false},"excerpt":{"rendered":"<p>Conjunto de soportes y topes de suspensi\u00f3n que aseguran la continuidad de la suspensi\u00f3n y evitan su detenci\u00f3n, frenando una compresi\u00f3n excesiva de dicho sistema. Adem\u00e1s, estos topes evitan un contacto brusco entre partes como el brazo de suspensi\u00f3n y la carrocer\u00eda.<\/p>\n","protected":false},"featured_media":3440,"comment_status":"open","ping_status":"closed","template":"","meta":[],"product_cat":[638,656],"product_tag":[159],"_links":{"self":[{"href":"https:\/\/dev.cautex.com\/is-lm\/wp-json\/wp\/v2\/product\/3439"}],"collection":[{"href":"https:\/\/dev.cautex.com\/is-lm\/wp-json\/wp\/v2\/product"}],"about":[{"href":"https:\/\/dev.cautex.com\/is-lm\/wp-json\/wp\/v2\/types\/product"}],"replies":[{"embeddable":true,"href":"https:\/\/dev.cautex.com\/is-lm\/wp-json\/wp\/v2\/comments?post=3439"}],"wp:featuredmedia":[{"embeddable":true,"href":"https:\/\/dev.cautex.com\/is-lm\/wp-json\/wp\/v2\/media\/3440"}],"wp:attachment":[{"href":"https:\/\/dev.cautex.com\/is-lm\/wp-json\/wp\/v2\/media?parent=3439"}],"wp:term":[{"taxonomy":"product_cat","embeddable":true,"href":"https:\/\/dev.cautex.com\/is-lm\/wp-json\/wp\/v2\/product_cat?post=3439"},{"taxonomy":"product_tag","embeddable":true,"href":"https:\/\/dev.cautex.com\/is-lm\/wp-json\/wp\/v2\/product_tag?post=3439"}],"curies":[{"name":"wp","href":"https:\/\/api.w.org\/{rel}","templated":true}]}}