{"id":3437,"date":"2022-07-01T11:06:48","date_gmt":"2022-07-01T11:06:48","guid":{"rendered":"https:\/\/www.cautex.com\/producto\/muelles-y-tensores"},"modified":"2022-07-01T11:06:48","modified_gmt":"2022-07-01T11:06:48","slug":"muelles-y-tensores","status":"publish","type":"product","link":"https:\/\/dev.cautex.com\/is-lm\/producto\/muelles-y-tensores\/","title":{"rendered":"MUELLES Y TENSORES"},"content":{"rendered":"<p>Gama espec\u00edfica de muelles y tensores utilizados en el conjunto de la distribuci\u00f3n del autom\u00f3vil. Piezas clave para un correcto funcionamiento, que pone de manifiesto lo importante que es sustituir todos los elementos sometidos a desgaste a la hora de realizar un \u00f3ptimo mantenimiento del veh\u00edculo.<\/p>\n","protected":false},"excerpt":{"rendered":"<p>Gama espec\u00edfica de muelles y tensores utilizados en el conjunto de la distribuci\u00f3n del autom\u00f3vil. Piezas clave para un correcto funcionamiento, que pone de manifiesto lo importante que es sustituir todos los elementos sometidos a desgaste a la hora de realizar un \u00f3ptimo mantenimiento del veh\u00edculo.<\/p>\n","protected":false},"featured_media":3438,"comment_status":"open","ping_status":"closed","template":"","meta":[],"product_cat":[638,646],"product_tag":[160],"_links":{"self":[{"href":"https:\/\/dev.cautex.com\/is-lm\/wp-json\/wp\/v2\/product\/3437"}],"collection":[{"href":"https:\/\/dev.cautex.com\/is-lm\/wp-json\/wp\/v2\/product"}],"about":[{"href":"https:\/\/dev.cautex.com\/is-lm\/wp-json\/wp\/v2\/types\/product"}],"replies":[{"embeddable":true,"href":"https:\/\/dev.cautex.com\/is-lm\/wp-json\/wp\/v2\/comments?post=3437"}],"wp:featuredmedia":[{"embeddable":true,"href":"https:\/\/dev.cautex.com\/is-lm\/wp-json\/wp\/v2\/media\/3438"}],"wp:attachment":[{"href":"https:\/\/dev.cautex.com\/is-lm\/wp-json\/wp\/v2\/media?parent=3437"}],"wp:term":[{"taxonomy":"product_cat","embeddable":true,"href":"https:\/\/dev.cautex.com\/is-lm\/wp-json\/wp\/v2\/product_cat?post=3437"},{"taxonomy":"product_tag","embeddable":true,"href":"https:\/\/dev.cautex.com\/is-lm\/wp-json\/wp\/v2\/product_tag?post=3437"}],"curies":[{"name":"wp","href":"https:\/\/api.w.org\/{rel}","templated":true}]}}