{"id":3433,"date":"2022-07-04T08:35:45","date_gmt":"2022-07-04T08:35:45","guid":{"rendered":"https:\/\/www.cautex.com\/producto\/bieletas-suspension"},"modified":"2022-07-04T08:35:45","modified_gmt":"2022-07-04T08:35:45","slug":"bieletas-suspension","status":"publish","type":"product","link":"https:\/\/dev.cautex.com\/is-lm\/producto\/bieletas-suspension\/","title":{"rendered":"BIELETAS SUSPENSI\u00d3N"},"content":{"rendered":"<p>Amplia oferta de bieletas de suspensi\u00f3n y barras estabilizadoras, de alta calidad, capaces de tener la elasticidad necesaria para mantener la estabilidad del autom\u00f3vil. Dise\u00f1o mejorado que garantiza un acople m\u00e1s seguro de la barra estabilizadora a todo el conjunto de suspensi\u00f3n.<\/p>\n","protected":false},"excerpt":{"rendered":"<p>Amplia oferta de bieletas de suspensi\u00f3n y barras estabilizadoras, de alta calidad, capaces de tener la elasticidad necesaria para mantener la estabilidad del autom\u00f3vil. Dise\u00f1o mejorado que garantiza un acople m\u00e1s seguro de la barra estabilizadora a todo el conjunto de suspensi\u00f3n.<\/p>\n","protected":false},"featured_media":3434,"comment_status":"open","ping_status":"closed","template":"","meta":[],"product_cat":[640,638],"product_tag":[162],"_links":{"self":[{"href":"https:\/\/dev.cautex.com\/is-lm\/wp-json\/wp\/v2\/product\/3433"}],"collection":[{"href":"https:\/\/dev.cautex.com\/is-lm\/wp-json\/wp\/v2\/product"}],"about":[{"href":"https:\/\/dev.cautex.com\/is-lm\/wp-json\/wp\/v2\/types\/product"}],"replies":[{"embeddable":true,"href":"https:\/\/dev.cautex.com\/is-lm\/wp-json\/wp\/v2\/comments?post=3433"}],"wp:featuredmedia":[{"embeddable":true,"href":"https:\/\/dev.cautex.com\/is-lm\/wp-json\/wp\/v2\/media\/3434"}],"wp:attachment":[{"href":"https:\/\/dev.cautex.com\/is-lm\/wp-json\/wp\/v2\/media?parent=3433"}],"wp:term":[{"taxonomy":"product_cat","embeddable":true,"href":"https:\/\/dev.cautex.com\/is-lm\/wp-json\/wp\/v2\/product_cat?post=3433"},{"taxonomy":"product_tag","embeddable":true,"href":"https:\/\/dev.cautex.com\/is-lm\/wp-json\/wp\/v2\/product_tag?post=3433"}],"curies":[{"name":"wp","href":"https:\/\/api.w.org\/{rel}","templated":true}]}}