{"id":3431,"date":"2022-07-04T11:00:32","date_gmt":"2022-07-04T11:00:32","guid":{"rendered":"https:\/\/www.cautex.com\/producto\/crucetas-tripode"},"modified":"2022-07-04T11:00:32","modified_gmt":"2022-07-04T11:00:32","slug":"crucetas-tripode","status":"publish","type":"product","link":"https:\/\/dev.cautex.com\/is-lm\/producto\/crucetas-tripode\/","title":{"rendered":"CRUCETAS TR\u00cdPODE"},"content":{"rendered":"<p>La cruceta tr\u00edpode de \u00e1rbol de transmisi\u00f3n es una pieza compleja, que unida al palier de transmisi\u00f3n tiene como finalidad conectar dos ejes discontinuos dispuestos longitudinalmente, de modo que la velocidad de giro entre ellos sea igual en todo momento.<\/p>\n","protected":false},"excerpt":{"rendered":"<p>La cruceta tr\u00edpode de \u00e1rbol de transmisi\u00f3n es una pieza compleja, que unida al palier de transmisi\u00f3n tiene como finalidad conectar dos ejes discontinuos dispuestos longitudinalmente, de modo que la velocidad de giro entre ellos sea igual en todo momento.<\/p>\n","protected":false},"featured_media":3432,"comment_status":"open","ping_status":"closed","template":"","meta":[],"product_cat":[638,643],"product_tag":[163],"_links":{"self":[{"href":"https:\/\/dev.cautex.com\/is-lm\/wp-json\/wp\/v2\/product\/3431"}],"collection":[{"href":"https:\/\/dev.cautex.com\/is-lm\/wp-json\/wp\/v2\/product"}],"about":[{"href":"https:\/\/dev.cautex.com\/is-lm\/wp-json\/wp\/v2\/types\/product"}],"replies":[{"embeddable":true,"href":"https:\/\/dev.cautex.com\/is-lm\/wp-json\/wp\/v2\/comments?post=3431"}],"wp:featuredmedia":[{"embeddable":true,"href":"https:\/\/dev.cautex.com\/is-lm\/wp-json\/wp\/v2\/media\/3432"}],"wp:attachment":[{"href":"https:\/\/dev.cautex.com\/is-lm\/wp-json\/wp\/v2\/media?parent=3431"}],"wp:term":[{"taxonomy":"product_cat","embeddable":true,"href":"https:\/\/dev.cautex.com\/is-lm\/wp-json\/wp\/v2\/product_cat?post=3431"},{"taxonomy":"product_tag","embeddable":true,"href":"https:\/\/dev.cautex.com\/is-lm\/wp-json\/wp\/v2\/product_tag?post=3431"}],"curies":[{"name":"wp","href":"https:\/\/api.w.org\/{rel}","templated":true}]}}